{"id":5266,"date":"2021-07-18T08:03:35","date_gmt":"2021-07-18T08:03:35","guid":{"rendered":"https:\/\/nuss.uxper.co\/luxury-resort\/?page_id=5266"},"modified":"2026-03-17T13:50:39","modified_gmt":"2026-03-17T13:50:39","slug":"a-propos-de-nous","status":"publish","type":"page","link":"https:\/\/xiangzhou-huafa.intercityhotelzhuhai.com\/fr\/about-us\/","title":{"rendered":"\u00c0 propos de nous"},"content":{"rendered":"<div data-elementor-type=\"wp-page\" data-elementor-id=\"5266\" class=\"elementor elementor-5266\">\n\t\t\t\t\t\t<section class=\"elementor-section elementor-top-section elementor-element elementor-element-10416953 elementor-section-boxed elementor-section-gap-beside-yes elementor-section-height-default elementor-section-height-default elementor-section-column-vertical-align-stretch\" data-id=\"10416953\" data-element_type=\"section\" data-e-type=\"section\">\n\t\t\t\t\t\t<div class=\"elementor-container elementor-column-gap-extended\">\n\t\t\t\t\t<div class=\"elementor-column elementor-col-100 elementor-top-column elementor-element elementor-element-29c6aa8\" data-id=\"29c6aa8\" data-element_type=\"column\" data-e-type=\"column\">\n\t\t\t<div class=\"elementor-widget-wrap elementor-element-populated\">\n\t\t\t\t\t\t<div class=\"elementor-element elementor-element-7be18fe7 elementor-widget__width-initial elementor-invisible elementor-widget elementor-widget-text-editor\" data-id=\"7be18fe7\" data-element_type=\"widget\" data-e-type=\"widget\" data-settings=\"{&quot;_animation&quot;:&quot;nussFadeInUp&quot;}\" data-widget_type=\"text-editor.default\">\n\t\t\t\t\t\t\t\t\tIntercityHotel Zhuhai Xiangzhou Huafa Shopping Mall\u00a0: Votre refuge urbain de premier choix au c\u0153ur de Zhuhai\t\t\t\t\t\t\t\t<\/div>\n\t\t\t\t\t<\/div>\n\t\t<\/div>\n\t\t\t\t\t<\/div>\n\t\t<\/section>\n\t\t\t\t<section class=\"elementor-section elementor-top-section elementor-element elementor-element-7d18327f elementor-section-boxed elementor-section-gap-beside-yes elementor-section-height-default elementor-section-height-default elementor-section-column-vertical-align-stretch\" data-id=\"7d18327f\" data-element_type=\"section\" data-e-type=\"section\">\n\t\t\t\t\t\t<div class=\"elementor-container elementor-column-gap-extended\">\n\t\t\t\t\t<div class=\"elementor-column elementor-col-50 elementor-top-column elementor-element elementor-element-56533670\" data-id=\"56533670\" data-element_type=\"column\" data-e-type=\"column\">\n\t\t\t<div class=\"elementor-widget-wrap elementor-element-populated\">\n\t\t\t\t\t\t<div class=\"elementor-element elementor-element-19c3f543 elementor-invisible elementor-widget elementor-widget-text-editor\" data-id=\"19c3f543\" data-element_type=\"widget\" data-e-type=\"widget\" data-settings=\"{&quot;_animation&quot;:&quot;nussFadeInUp&quot;}\" data-widget_type=\"text-editor.default\">\n\t\t\t\t\t\t\t\t\t<p><span class=\"qwen-markdown-text\" data-spm-anchor-id=\"a2ty_o01.29997173.0.i101.694f5171ZgAGrV\">D\u00e9couvrez le confort moderne et un emplacement exceptionnel \u00e0 l&#039;IntercityHotel Zhuhai Xiangzhou Huafa Shopping Mall, id\u00e9alement situ\u00e9 au b\u00e2timent 21, Xiangzhou Chuanggang Center, n\u00b0 1, rue Chuangfa, district de Xiangzhou, Zhuhai, Guangdong, Chine. Cet h\u00f4tel contemporain allie harmonieusement l&#039;hospitalit\u00e9 d&#039;inspiration allemande au charme local, offrant aux voyageurs une exp\u00e9rience inoubliable dans l&#039;une des villes c\u00f4ti\u00e8res les plus dynamiques de Chine.<\/span><\/p>\t\t\t\t\t\t\t\t<\/div>\n\t\t\t\t\t<\/div>\n\t\t<\/div>\n\t\t\t\t<div class=\"elementor-column elementor-col-50 elementor-top-column elementor-element elementor-element-30f14127\" data-id=\"30f14127\" data-element_type=\"column\" data-e-type=\"column\">\n\t\t\t<div class=\"elementor-widget-wrap elementor-element-populated\">\n\t\t\t\t\t\t<div class=\"elementor-element elementor-element-e3f2d11 elementor-widget elementor-widget-image\" data-id=\"e3f2d11\" data-element_type=\"widget\" data-e-type=\"widget\" data-widget_type=\"image.default\">\n\t\t\t\t\t\t\t\t\t\t\t\t\t\t\t<img fetchpriority=\"high\" decoding=\"async\" width=\"1024\" height=\"682\" src=\"https:\/\/xiangzhou-huafa.intercityhotelzhuhai.com\/wp-content\/uploads\/2026\/03\/IntercityHotel-Zhuhai-Xiangzhou-Huafa-Shopping-Mall-37-1024x682.webp\" class=\"attachment-large size-large wp-image-5628\" alt=\"\" srcset=\"https:\/\/xiangzhou-huafa.intercityhotelzhuhai.com\/wp-content\/uploads\/2026\/03\/IntercityHotel-Zhuhai-Xiangzhou-Huafa-Shopping-Mall-37-1024x682.webp 1024w, https:\/\/xiangzhou-huafa.intercityhotelzhuhai.com\/wp-content\/uploads\/2026\/03\/IntercityHotel-Zhuhai-Xiangzhou-Huafa-Shopping-Mall-37-300x200.webp 300w, https:\/\/xiangzhou-huafa.intercityhotelzhuhai.com\/wp-content\/uploads\/2026\/03\/IntercityHotel-Zhuhai-Xiangzhou-Huafa-Shopping-Mall-37-768x512.webp 768w, https:\/\/xiangzhou-huafa.intercityhotelzhuhai.com\/wp-content\/uploads\/2026\/03\/IntercityHotel-Zhuhai-Xiangzhou-Huafa-Shopping-Mall-37.webp 1280w\" sizes=\"(max-width: 1024px) 100vw, 1024px\" \/>\t\t\t\t\t\t\t\t\t\t\t\t\t\t\t<\/div>\n\t\t\t\t\t<\/div>\n\t\t<\/div>\n\t\t\t\t\t<\/div>\n\t\t<\/section>\n\t\t\t\t<section class=\"elementor-section elementor-top-section elementor-element elementor-element-29fb8578 elementor-section-height-min-height elementor-section-stretched elementor-section-full_width elementor-section-items-stretch elementor-section-height-default elementor-section-column-vertical-align-stretch\" data-id=\"29fb8578\" data-element_type=\"section\" data-e-type=\"section\" data-settings=\"{&quot;stretch_section&quot;:&quot;section-stretched&quot;}\">\n\t\t\t\t\t\t<div class=\"elementor-container elementor-column-gap-no\">\n\t\t\t\t\t<div class=\"elementor-column elementor-col-50 elementor-top-column elementor-element elementor-element-40ac270b\" data-id=\"40ac270b\" data-element_type=\"column\" data-e-type=\"column\">\n\t\t\t<div class=\"elementor-widget-wrap elementor-element-populated\">\n\t\t\t\t\t\t<div class=\"elementor-element elementor-element-20872773 elementor-widget__width-initial elementor-widget-mobile__width-inherit elementor-invisible nuss-elementor-loading nuss-slide-in-right elementor-widget elementor-widget-image\" data-id=\"20872773\" data-element_type=\"widget\" data-e-type=\"widget\" data-settings=\"{&quot;_animation&quot;:&quot;nussSlideInRight&quot;}\" data-widget_type=\"image.default\">\n\t\t\t\t\t\t\t\t\t\t\t\t\t\t\t<img decoding=\"async\" width=\"1280\" height=\"853\" src=\"https:\/\/xiangzhou-huafa.intercityhotelzhuhai.com\/wp-content\/uploads\/2026\/03\/IntercityHotel-Zhuhai-Xiangzhou-Huafa-Shopping-Mall-1.webp\" class=\"attachment-full size-full wp-image-5592\" alt=\"\" srcset=\"https:\/\/xiangzhou-huafa.intercityhotelzhuhai.com\/wp-content\/uploads\/2026\/03\/IntercityHotel-Zhuhai-Xiangzhou-Huafa-Shopping-Mall-1.webp 1280w, https:\/\/xiangzhou-huafa.intercityhotelzhuhai.com\/wp-content\/uploads\/2026\/03\/IntercityHotel-Zhuhai-Xiangzhou-Huafa-Shopping-Mall-1-300x200.webp 300w, https:\/\/xiangzhou-huafa.intercityhotelzhuhai.com\/wp-content\/uploads\/2026\/03\/IntercityHotel-Zhuhai-Xiangzhou-Huafa-Shopping-Mall-1-1024x682.webp 1024w, https:\/\/xiangzhou-huafa.intercityhotelzhuhai.com\/wp-content\/uploads\/2026\/03\/IntercityHotel-Zhuhai-Xiangzhou-Huafa-Shopping-Mall-1-768x512.webp 768w\" sizes=\"(max-width: 1280px) 100vw, 1280px\" \/>\t\t\t\t\t\t\t\t\t\t\t\t\t\t\t<\/div>\n\t\t\t\t\t<\/div>\n\t\t<\/div>\n\t\t\t\t<div class=\"elementor-column elementor-col-50 elementor-top-column elementor-element elementor-element-2dac103\" data-id=\"2dac103\" data-element_type=\"column\" data-e-type=\"column\">\n\t\t\t<div class=\"elementor-widget-wrap elementor-element-populated\">\n\t\t\t\t\t\t<div class=\"elementor-element elementor-element-6f1b8966 elementor-invisible elementor-widget elementor-widget-text-editor\" data-id=\"6f1b8966\" data-element_type=\"widget\" data-e-type=\"widget\" data-settings=\"{&quot;_animation&quot;:&quot;nussFadeInUp&quot;}\" data-widget_type=\"text-editor.default\">\n\t\t\t\t\t\t\t\t\t<h2 class=\"qwen-markdown-heading\"><span class=\"qwen-markdown-text\">Emplacement de choix dans le district de Xiangzhou<\/span><\/h2><div class=\"qwen-markdown-paragraph\"><span class=\"qwen-markdown-text\" data-spm-anchor-id=\"a2ty_o01.29997173.0.i103.694f5171ZgAGrV\">Situ\u00e9 au c\u0153ur du quartier anim\u00e9 de Xiangzhou, notre h\u00f4tel offre un acc\u00e8s privil\u00e9gi\u00e9 aux meilleures adresses de shopping, de restauration et de divertissement de Zhuhai. Le centre commercial Huafa, tout proche, propose une multitude de boutiques, tandis que le quartier environnant regorge de restaurants cantonais authentiques, de caf\u00e9s branch\u00e9s et de sites culturels. Les voyageurs d&#039;affaires appr\u00e9cient la proximit\u00e9 des centres commerciaux, tandis que les touristes profitent d&#039;un acc\u00e8s facile aux c\u00e9l\u00e8bres plages de Zhuhai, aux parcs d&#039;attractions et \u00e0 l&#039;embl\u00e9matique poste fronti\u00e8re de Macao, situ\u00e9s \u00e0 quelques minutes seulement.<\/span><\/div>\t\t\t\t\t\t\t\t<\/div>\n\t\t\t\t\t<\/div>\n\t\t<\/div>\n\t\t\t\t\t<\/div>\n\t\t<\/section>\n\t\t\t\t<section class=\"elementor-section elementor-top-section elementor-element elementor-element-e0aff4b elementor-section-height-min-height elementor-section-stretched elementor-section-full_width elementor-section-items-stretch elementor-section-height-default elementor-section-column-vertical-align-stretch\" data-id=\"e0aff4b\" data-element_type=\"section\" data-e-type=\"section\" data-settings=\"{&quot;stretch_section&quot;:&quot;section-stretched&quot;}\">\n\t\t\t\t\t\t<div class=\"elementor-container elementor-column-gap-no\">\n\t\t\t\t\t<div class=\"elementor-column elementor-col-50 elementor-top-column elementor-element elementor-element-f58d768\" data-id=\"f58d768\" data-element_type=\"column\" data-e-type=\"column\">\n\t\t\t<div class=\"elementor-widget-wrap elementor-element-populated\">\n\t\t\t\t\t\t<div class=\"elementor-element elementor-element-0a33e14 elementor-invisible elementor-widget elementor-widget-text-editor\" data-id=\"0a33e14\" data-element_type=\"widget\" data-e-type=\"widget\" data-settings=\"{&quot;_animation&quot;:&quot;nussFadeInUp&quot;}\" data-widget_type=\"text-editor.default\">\n\t\t\t\t\t\t\t\t\t<h2 class=\"qwen-markdown-heading\"><span class=\"qwen-markdown-text\">Des h\u00e9bergements modernes con\u00e7us pour le confort<\/span><\/h2><div class=\"qwen-markdown-paragraph\"><span class=\"qwen-markdown-text\" data-spm-anchor-id=\"a2ty_o01.29997173.0.i105.694f5171ZgAGrV\">Chaque chambre, am\u00e9nag\u00e9e avec soin, offre de grandes baies vitr\u00e9es avec vue imprenable sur la ville, une literie haut de gamme pour un sommeil r\u00e9parateur et des \u00e9quipements modernes tels que des ports de chargement USB et des rideaux de lit ajustables. Notre philosophie de design minimaliste et \u00e9l\u00e9gante garantit un \u00e9quilibre parfait entre style et fonctionnalit\u00e9. Le Wi-Fi haut d\u00e9bit, l&#039;insonorisation, la climatisation et des espaces de travail modulables r\u00e9pondent aux besoins des voyageurs d&#039;affaires comme de loisirs, tandis que certaines chambres sont \u00e9quip\u00e9es d&#039;un mini-r\u00e9frig\u00e9rateur pour plus de confort.<\/span><\/div>\t\t\t\t\t\t\t\t<\/div>\n\t\t\t\t\t<\/div>\n\t\t<\/div>\n\t\t\t\t<div class=\"elementor-column elementor-col-50 elementor-top-column elementor-element elementor-element-0020c48\" data-id=\"0020c48\" data-element_type=\"column\" data-e-type=\"column\">\n\t\t\t<div class=\"elementor-widget-wrap elementor-element-populated\">\n\t\t\t\t\t\t<div class=\"elementor-element elementor-element-c0e9526 elementor-widget__width-initial elementor-widget-mobile__width-inherit elementor-invisible nuss-elementor-loading nuss-slide-in-right elementor-widget elementor-widget-image\" data-id=\"c0e9526\" data-element_type=\"widget\" data-e-type=\"widget\" data-settings=\"{&quot;_animation&quot;:&quot;nussSlideInRight&quot;}\" data-widget_type=\"image.default\">\n\t\t\t\t\t\t\t\t\t\t\t\t\t\t\t<img decoding=\"async\" width=\"1280\" height=\"853\" src=\"https:\/\/xiangzhou-huafa.intercityhotelzhuhai.com\/wp-content\/uploads\/2026\/03\/IntercityHotel-Zhuhai-Xiangzhou-Huafa-Shopping-Mall-1.webp\" class=\"attachment-full size-full wp-image-5592\" alt=\"\" srcset=\"https:\/\/xiangzhou-huafa.intercityhotelzhuhai.com\/wp-content\/uploads\/2026\/03\/IntercityHotel-Zhuhai-Xiangzhou-Huafa-Shopping-Mall-1.webp 1280w, https:\/\/xiangzhou-huafa.intercityhotelzhuhai.com\/wp-content\/uploads\/2026\/03\/IntercityHotel-Zhuhai-Xiangzhou-Huafa-Shopping-Mall-1-300x200.webp 300w, https:\/\/xiangzhou-huafa.intercityhotelzhuhai.com\/wp-content\/uploads\/2026\/03\/IntercityHotel-Zhuhai-Xiangzhou-Huafa-Shopping-Mall-1-1024x682.webp 1024w, https:\/\/xiangzhou-huafa.intercityhotelzhuhai.com\/wp-content\/uploads\/2026\/03\/IntercityHotel-Zhuhai-Xiangzhou-Huafa-Shopping-Mall-1-768x512.webp 768w\" sizes=\"(max-width: 1280px) 100vw, 1280px\" \/>\t\t\t\t\t\t\t\t\t\t\t\t\t\t\t<\/div>\n\t\t\t\t\t<\/div>\n\t\t<\/div>\n\t\t\t\t\t<\/div>\n\t\t<\/section>\n\t\t\t\t<section class=\"elementor-section elementor-top-section elementor-element elementor-element-67b412c elementor-section-height-min-height elementor-section-stretched elementor-section-full_width elementor-section-items-stretch elementor-section-height-default elementor-section-column-vertical-align-stretch\" data-id=\"67b412c\" data-element_type=\"section\" data-e-type=\"section\" data-settings=\"{&quot;stretch_section&quot;:&quot;section-stretched&quot;}\">\n\t\t\t\t\t\t<div class=\"elementor-container elementor-column-gap-no\">\n\t\t\t\t\t<div class=\"elementor-column elementor-col-50 elementor-top-column elementor-element elementor-element-5603d1b\" data-id=\"5603d1b\" data-element_type=\"column\" data-e-type=\"column\">\n\t\t\t<div class=\"elementor-widget-wrap elementor-element-populated\">\n\t\t\t\t\t\t<div class=\"elementor-element elementor-element-8d53fce elementor-widget__width-initial elementor-widget-mobile__width-inherit elementor-invisible nuss-elementor-loading nuss-slide-in-right elementor-widget elementor-widget-image\" data-id=\"8d53fce\" data-element_type=\"widget\" data-e-type=\"widget\" data-settings=\"{&quot;_animation&quot;:&quot;nussSlideInRight&quot;}\" data-widget_type=\"image.default\">\n\t\t\t\t\t\t\t\t\t\t\t\t\t\t\t<img decoding=\"async\" width=\"1280\" height=\"853\" src=\"https:\/\/xiangzhou-huafa.intercityhotelzhuhai.com\/wp-content\/uploads\/2026\/03\/IntercityHotel-Zhuhai-Xiangzhou-Huafa-Shopping-Mall-29.webp\" class=\"attachment-full size-full wp-image-5620\" alt=\"\" srcset=\"https:\/\/xiangzhou-huafa.intercityhotelzhuhai.com\/wp-content\/uploads\/2026\/03\/IntercityHotel-Zhuhai-Xiangzhou-Huafa-Shopping-Mall-29.webp 1280w, https:\/\/xiangzhou-huafa.intercityhotelzhuhai.com\/wp-content\/uploads\/2026\/03\/IntercityHotel-Zhuhai-Xiangzhou-Huafa-Shopping-Mall-29-300x200.webp 300w, https:\/\/xiangzhou-huafa.intercityhotelzhuhai.com\/wp-content\/uploads\/2026\/03\/IntercityHotel-Zhuhai-Xiangzhou-Huafa-Shopping-Mall-29-1024x682.webp 1024w, https:\/\/xiangzhou-huafa.intercityhotelzhuhai.com\/wp-content\/uploads\/2026\/03\/IntercityHotel-Zhuhai-Xiangzhou-Huafa-Shopping-Mall-29-768x512.webp 768w\" sizes=\"(max-width: 1280px) 100vw, 1280px\" \/>\t\t\t\t\t\t\t\t\t\t\t\t\t\t\t<\/div>\n\t\t\t\t\t<\/div>\n\t\t<\/div>\n\t\t\t\t<div class=\"elementor-column elementor-col-50 elementor-top-column elementor-element elementor-element-5347106\" data-id=\"5347106\" data-element_type=\"column\" data-e-type=\"column\">\n\t\t\t<div class=\"elementor-widget-wrap elementor-element-populated\">\n\t\t\t\t\t\t<div class=\"elementor-element elementor-element-56f26b2 elementor-invisible elementor-widget elementor-widget-text-editor\" data-id=\"56f26b2\" data-element_type=\"widget\" data-e-type=\"widget\" data-settings=\"{&quot;_animation&quot;:&quot;nussFadeInUp&quot;}\" data-widget_type=\"text-editor.default\">\n\t\t\t\t\t\t\t\t\t<h2 class=\"qwen-markdown-heading\"><span class=\"qwen-markdown-text\">Services et \u00e9quipements exceptionnels<\/span><\/h2><div class=\"qwen-markdown-paragraph\" data-spm-anchor-id=\"a2ty_o01.29997173.0.i107.694f5171ZgAGrV\"><span class=\"qwen-markdown-text\" data-spm-anchor-id=\"a2ty_o01.29997173.0.i106.694f5171ZgAGrV\">Profitez d&#039;un accueil irr\u00e9prochable gr\u00e2ce \u00e0 notre r\u00e9ception ouverte 24h\/24, nos services d&#039;enregistrement et de d\u00e9part express et notre acc\u00e8s internet haut d\u00e9bit gratuit dans tout l&#039;\u00e9tablissement. L&#039;h\u00f4tel dispose d&#039;un centre de remise en forme moderne pour les voyageurs soucieux de leur bien-\u00eatre, d&#039;une laverie automatique et d&#039;espaces de r\u00e9union modulables pour vos \u00e9v\u00e9nements professionnels. Vous b\u00e9n\u00e9ficierez \u00e9galement d&#039;une consigne \u00e0 bagages s\u00e9curis\u00e9e, d&#039;un service de garde d&#039;enfants professionnel et d&#039;un parking sur place.<\/span><\/div>\t\t\t\t\t\t\t\t<\/div>\n\t\t\t\t\t<\/div>\n\t\t<\/div>\n\t\t\t\t\t<\/div>\n\t\t<\/section>\n\t\t\t\t<section class=\"elementor-section elementor-top-section elementor-element elementor-element-87b4e84 elementor-section-height-min-height elementor-section-stretched elementor-section-full_width elementor-section-items-stretch elementor-section-height-default elementor-section-column-vertical-align-stretch\" data-id=\"87b4e84\" data-element_type=\"section\" data-e-type=\"section\" data-settings=\"{&quot;stretch_section&quot;:&quot;section-stretched&quot;}\">\n\t\t\t\t\t\t<div class=\"elementor-container elementor-column-gap-no\">\n\t\t\t\t\t<div class=\"elementor-column elementor-col-50 elementor-top-column elementor-element elementor-element-2e80449\" data-id=\"2e80449\" data-element_type=\"column\" data-e-type=\"column\">\n\t\t\t<div class=\"elementor-widget-wrap elementor-element-populated\">\n\t\t\t\t\t\t<div class=\"elementor-element elementor-element-d5ffe09 elementor-invisible elementor-widget elementor-widget-text-editor\" data-id=\"d5ffe09\" data-element_type=\"widget\" data-e-type=\"widget\" data-settings=\"{&quot;_animation&quot;:&quot;nussFadeInUp&quot;}\" data-widget_type=\"text-editor.default\">\n\t\t\t\t\t\t\t\t\t<h2 class=\"qwen-markdown-heading\"><span class=\"qwen-markdown-text\" data-spm-anchor-id=\"a2ty_o01.29997173.0.i108.694f5171ZgAGrV\">D\u00e9lices culinaires et options de restauration<\/span><\/h2><div class=\"qwen-markdown-paragraph\"><span class=\"qwen-markdown-text\">Commencez chaque matin\u00e9e par notre copieux buffet de petit-d\u00e9jeuner proposant d&#039;authentiques sp\u00e9cialit\u00e9s cantonaises ainsi que des plats internationaux. Notre restaurant sert des plats frais, pr\u00e9par\u00e9s \u00e0 partir de produits locaux, dans une ambiance d\u00e9contract\u00e9e, id\u00e9ale pour un d\u00e9jeuner d&#039;affaires ou un d\u00eener informel. Caf\u00e9 et boissons offerts dans le hall vous accueillent chaleureusement, tandis que le centre commercial Huafa, situ\u00e9 \u00e0 proximit\u00e9, vous propose une multitude d&#039;autres exp\u00e9riences culinaires \u00e0 deux pas de votre h\u00f4tel.<\/span><\/div>\t\t\t\t\t\t\t\t<\/div>\n\t\t\t\t\t<\/div>\n\t\t<\/div>\n\t\t\t\t<div class=\"elementor-column elementor-col-50 elementor-top-column elementor-element elementor-element-ae00877\" data-id=\"ae00877\" data-element_type=\"column\" data-e-type=\"column\">\n\t\t\t<div class=\"elementor-widget-wrap elementor-element-populated\">\n\t\t\t\t\t\t<div class=\"elementor-element elementor-element-9fac2da elementor-widget__width-initial elementor-widget-mobile__width-inherit elementor-invisible nuss-elementor-loading nuss-slide-in-right elementor-widget elementor-widget-image\" data-id=\"9fac2da\" data-element_type=\"widget\" data-e-type=\"widget\" data-settings=\"{&quot;_animation&quot;:&quot;nussSlideInRight&quot;}\" data-widget_type=\"image.default\">\n\t\t\t\t\t\t\t\t\t\t\t\t\t\t\t<img loading=\"lazy\" decoding=\"async\" width=\"1280\" height=\"853\" src=\"https:\/\/xiangzhou-huafa.intercityhotelzhuhai.com\/wp-content\/uploads\/2026\/03\/IntercityHotel-Zhuhai-Xiangzhou-Huafa-Shopping-Mall-10.webp\" class=\"attachment-full size-full wp-image-5601\" alt=\"\" srcset=\"https:\/\/xiangzhou-huafa.intercityhotelzhuhai.com\/wp-content\/uploads\/2026\/03\/IntercityHotel-Zhuhai-Xiangzhou-Huafa-Shopping-Mall-10.webp 1280w, https:\/\/xiangzhou-huafa.intercityhotelzhuhai.com\/wp-content\/uploads\/2026\/03\/IntercityHotel-Zhuhai-Xiangzhou-Huafa-Shopping-Mall-10-300x200.webp 300w, https:\/\/xiangzhou-huafa.intercityhotelzhuhai.com\/wp-content\/uploads\/2026\/03\/IntercityHotel-Zhuhai-Xiangzhou-Huafa-Shopping-Mall-10-1024x682.webp 1024w, https:\/\/xiangzhou-huafa.intercityhotelzhuhai.com\/wp-content\/uploads\/2026\/03\/IntercityHotel-Zhuhai-Xiangzhou-Huafa-Shopping-Mall-10-768x512.webp 768w\" sizes=\"(max-width: 1280px) 100vw, 1280px\" \/>\t\t\t\t\t\t\t\t\t\t\t\t\t\t\t<\/div>\n\t\t\t\t\t<\/div>\n\t\t<\/div>\n\t\t\t\t\t<\/div>\n\t\t<\/section>\n\t\t<div class=\"elementor-element elementor-element-fb7b7b3 e-flex e-con-boxed e-con e-parent\" data-id=\"fb7b7b3\" data-element_type=\"container\" data-e-type=\"container\">\n\t\t\t\t\t<div class=\"e-con-inner\">\n\t\t\t\t<div class=\"elementor-element elementor-element-e32e5c2 elementor-widget elementor-widget-text-editor\" data-id=\"e32e5c2\" data-element_type=\"widget\" data-e-type=\"widget\" data-widget_type=\"text-editor.default\">\n\t\t\t\t\t\t\t\t\t<h2 class=\"qwen-markdown-heading\"><span class=\"qwen-markdown-text\" data-spm-anchor-id=\"a2ty_o01.29997173.0.i110.694f5171ZgAGrV\">Pourquoi choisir l&#039;IntercityHotel Zhuhai Xiangzhou ?<\/span><\/h2><div class=\"qwen-markdown-paragraph\"><span class=\"qwen-markdown-text\" data-spm-anchor-id=\"a2ty_o01.29997173.0.i109.694f5171ZgAGrV\">Que vous soyez \u00e0 Zhuhai pour un voyage d&#039;affaires, des vacances en famille ou une escapade de fin de semaine, l&#039;IntercityHotel Zhuhai Xiangzhou Huafa Shopping Mall vous offre une qualit\u00e9 constante, un service attentionn\u00e9 et un emplacement exceptionnel. Notre engagement envers une hospitalit\u00e9 efficace garantit \u00e0 chaque client un s\u00e9jour personnalis\u00e9 et ressour\u00e7ant dans cette ville c\u00f4ti\u00e8re dynamique. R\u00e9servez votre s\u00e9jour d\u00e8s aujourd&#039;hui et d\u00e9couvrez l&#039;alliance parfaite entre commodit\u00e9s urbaines et confort moderne qui caract\u00e9rise la marque IntercityHotel.<\/span><\/div>\t\t\t\t\t\t\t\t<\/div>\n\t\t\t\t\t<\/div>\n\t\t\t\t<\/div>\n\t\t\t\t<\/div>","protected":false},"excerpt":{"rendered":"<p>IntercityHotel Zhuhai Xiangzhou Huafa Shopping Mall: Your Premier Urban Retreat in the Heart of Zhuhai Discover modern comfort and exceptional convenience at IntercityHotel Zhuhai Xiangzhou Huafa Shopping Mall, strategically located at Building 21, Xiangzhou Chuanggang Center, No. 1 Chuangfa Road, Xiangzhou District, Zhuhai, Guangdong, China. This contemporary hotel perfectly blends German-inspired hospitality with local charm, [&hellip;]<\/p>\n","protected":false},"author":1,"featured_media":0,"parent":0,"menu_order":0,"comment_status":"closed","ping_status":"closed","template":"","meta":{"footnotes":""},"class_list":["post-5266","page","type-page","status-publish","hentry","post-no-thumbnail"],"_links":{"self":[{"href":"https:\/\/xiangzhou-huafa.intercityhotelzhuhai.com\/fr\/wp-json\/wp\/v2\/pages\/5266","targetHints":{"allow":["GET"]}}],"collection":[{"href":"https:\/\/xiangzhou-huafa.intercityhotelzhuhai.com\/fr\/wp-json\/wp\/v2\/pages"}],"about":[{"href":"https:\/\/xiangzhou-huafa.intercityhotelzhuhai.com\/fr\/wp-json\/wp\/v2\/types\/page"}],"author":[{"embeddable":true,"href":"https:\/\/xiangzhou-huafa.intercityhotelzhuhai.com\/fr\/wp-json\/wp\/v2\/users\/1"}],"replies":[{"embeddable":true,"href":"https:\/\/xiangzhou-huafa.intercityhotelzhuhai.com\/fr\/wp-json\/wp\/v2\/comments?post=5266"}],"version-history":[{"count":0,"href":"https:\/\/xiangzhou-huafa.intercityhotelzhuhai.com\/fr\/wp-json\/wp\/v2\/pages\/5266\/revisions"}],"wp:attachment":[{"href":"https:\/\/xiangzhou-huafa.intercityhotelzhuhai.com\/fr\/wp-json\/wp\/v2\/media?parent=5266"}],"curies":[{"name":"wp","href":"https:\/\/api.w.org\/{rel}","templated":true}]}}