{"id":2105,"date":"2021-03-24T07:25:45","date_gmt":"2021-03-24T07:25:45","guid":{"rendered":"http:\/\/localhost\/nuss\/?page_id=235"},"modified":"2026-03-17T13:53:07","modified_gmt":"2026-03-17T13:53:07","slug":"faq","status":"publish","type":"page","link":"https:\/\/xiangzhou-huafa.intercityhotelzhuhai.com\/fr\/faqs\/","title":{"rendered":"FAQ"},"content":{"rendered":"<div data-elementor-type=\"wp-page\" data-elementor-id=\"2105\" class=\"elementor elementor-2105\">\n\t\t\t\t\t\t<section class=\"elementor-section elementor-top-section elementor-element elementor-element-2a96a73 elementor-section-boxed elementor-section-gap-beside-yes elementor-section-height-default elementor-section-height-default elementor-section-column-vertical-align-stretch\" data-id=\"2a96a73\" data-element_type=\"section\" data-e-type=\"section\">\n\t\t\t\t\t\t<div class=\"elementor-container elementor-column-gap-extended\">\n\t\t\t\t\t<div class=\"elementor-column elementor-col-100 elementor-top-column elementor-element elementor-element-98ef20c\" data-id=\"98ef20c\" data-element_type=\"column\" data-e-type=\"column\">\n\t\t\t<div class=\"elementor-widget-wrap elementor-element-populated\">\n\t\t\t\t\t\t<div class=\"elementor-element elementor-element-97088c0 elementor-widget__width-initial elementor-invisible elementor-widget elementor-widget-text-editor\" data-id=\"97088c0\" data-element_type=\"widget\" data-e-type=\"widget\" data-settings=\"{&quot;_animation&quot;:&quot;nussFadeInUp&quot;}\" data-widget_type=\"text-editor.default\">\n\t\t\t\t\t\t\t\t\t<p>Vous trouverez ci-dessous une liste des questions les plus fr\u00e9quemment pos\u00e9es par nos clients.<\/p>\t\t\t\t\t\t\t\t<\/div>\n\t\t\t\t\t<\/div>\n\t\t<\/div>\n\t\t\t\t\t<\/div>\n\t\t<\/section>\n\t\t\t\t<section class=\"elementor-section elementor-top-section elementor-element elementor-element-b184647 elementor-section-gap-beside-no elementor-section-boxed elementor-section-height-default elementor-section-height-default elementor-section-column-vertical-align-stretch\" data-id=\"b184647\" data-element_type=\"section\" data-e-type=\"section\">\n\t\t\t\t\t\t<div class=\"elementor-container elementor-column-gap-extended\">\n\t\t\t\t\t<div class=\"elementor-column elementor-col-100 elementor-top-column elementor-element elementor-element-1d49749\" data-id=\"1d49749\" data-element_type=\"column\" data-e-type=\"column\">\n\t\t\t<div class=\"elementor-widget-wrap elementor-element-populated\">\n\t\t\t\t\t\t<div class=\"elementor-element elementor-element-b986a9e elementor-invisible elementor-widget elementor-widget-nuss-heading\" data-id=\"b986a9e\" data-element_type=\"widget\" data-e-type=\"widget\" data-settings=\"{&quot;_animation&quot;:&quot;nussFadeInUp&quot;}\" data-widget_type=\"nuss-heading.default\">\n\t\t\t\t<div class=\"elementor-widget-container\">\n\t\t\t\t\t\t\t<div class=\"nuss-modern-heading\">\r\n\t\t\t\r\n\t\t\t\t\t\t<div class=\"heading-primary-wrap\">\r\n\t\t\t\t<h4 class=\"heading-primary elementor-heading-title\">FAQ<\/h4>\t\t\t<\/div>\r\n\t\t\r\n\t\t\t\t\t\t<div class=\"heading-divider-wrap\">\r\n\t\t\t\t<div class=\"heading-divider\" style=\"left: 0px;top: 6px\"><\/div>\r\n\t\t\t<\/div>\r\n\t\r\n\t\t\t\t\t<\/div>\r\n\t\t\t\t\t<\/div>\n\t\t\t\t<\/div>\n\t\t\t\t<div class=\"elementor-element elementor-element-50f0733 elementor-invisible elementor-widget elementor-widget-heading\" data-id=\"50f0733\" data-element_type=\"widget\" data-e-type=\"widget\" data-settings=\"{&quot;_animation&quot;:&quot;nussFadeInUp&quot;}\" data-widget_type=\"heading.default\">\n\t\t\t\t\t<h2 class=\"elementor-heading-title elementor-size-default\">Questions et r\u00e9ponses<\/h2>\t\t\t\t<\/div>\n\t\t\t\t\t<\/div>\n\t\t<\/div>\n\t\t\t\t\t<\/div>\n\t\t<\/section>\n\t\t<div class=\"elementor-element elementor-element-ad3d28e e-flex e-con-boxed e-con e-parent\" data-id=\"ad3d28e\" data-element_type=\"container\" data-e-type=\"container\">\n\t\t\t\t\t<div class=\"e-con-inner\">\n\t\t\t\t<div class=\"elementor-element elementor-element-409ce5e elementor-widget elementor-widget-text-editor\" data-id=\"409ce5e\" data-element_type=\"widget\" data-e-type=\"widget\" data-widget_type=\"text-editor.default\">\n\t\t\t\t\t\t\t\t\t<h2 class=\"qwen-markdown-heading\"><span class=\"qwen-markdown-text\" data-spm-anchor-id=\"a2ty_o01.29997173.0.i93.694f5171ZgAGrV\">Informations g\u00e9n\u00e9rales<\/span><\/h2><div class=\"qwen-markdown-paragraph\"><strong class=\"qwen-markdown-strong\"><span class=\"qwen-markdown-text\">1. Quelle est l&#039;adresse exacte de l&#039;IntercityHotel Zhuhai Xiangzhou Huafa Shopping Mall ?<\/span><\/strong><span class=\"qwen-markdown-text\"> L&#039;h\u00f4tel est situ\u00e9 dans le b\u00e2timent 21, au Xiangzhou Chuanggang Center, n\u00b0 1, rue Chuangfa, district de Xiangzhou, Zhuhai, Guangdong, Chine.<\/span><\/div><div class=\"qwen-markdown-space\">\u00a0<\/div><div class=\"qwen-markdown-paragraph\"><strong class=\"qwen-markdown-strong\"><span class=\"qwen-markdown-text\">2. Comment effectuer l&#039;enregistrement et le d\u00e9part de l&#039;h\u00f4tel ?<\/span><\/strong><span class=\"qwen-markdown-text\"> L\u2019heure d\u2019arriv\u00e9e standard est \u00e0 partir de 14h00 et l\u2019heure de d\u00e9part jusqu\u2019\u00e0 12h00. Des services d\u2019arriv\u00e9e et de d\u00e9part express sont disponibles pour les clients souhaitant un traitement plus rapide.<\/span><\/div><div class=\"qwen-markdown-space\">\u00a0<\/div><div class=\"qwen-markdown-paragraph\"><strong class=\"qwen-markdown-strong\"><span class=\"qwen-markdown-text\">3. La r\u00e9ception est-elle ouverte 24h\/24 ?<\/span><\/strong><span class=\"qwen-markdown-text\"> Oui, l&#039;h\u00f4tel dispose d&#039;une r\u00e9ception ouverte 24h\/24 pour r\u00e9pondre aux demandes des clients, quelles que soient les heures d&#039;arriv\u00e9e ou de d\u00e9part.<\/span><\/div><div class=\"qwen-markdown-space\">\u00a0<\/div><div class=\"qwen-markdown-paragraph\"><strong class=\"qwen-markdown-strong\"><span class=\"qwen-markdown-text\">4. Quelles langues parlent les employ\u00e9s de l&#039;h\u00f4tel ?<\/span><\/strong><span class=\"qwen-markdown-text\"> Le personnel multilingue peut communiquer en mandarin, en cantonais et en anglais afin de r\u00e9pondre aux besoins des voyageurs nationaux et internationaux.<\/span><\/div><div class=\"qwen-markdown-space\">\u00a0<\/div><div class=\"qwen-markdown-paragraph\"><strong class=\"qwen-markdown-strong\"><span class=\"qwen-markdown-text\">5. Cet h\u00f4tel convient-il aux voyageurs d&#039;affaires ?<\/span><\/strong><span class=\"qwen-markdown-text\"> Absolument. L&#039;h\u00f4tel propose des salles de r\u00e9union, une connexion Wi-Fi haut d\u00e9bit, des espaces de travail en chambre et des services d&#039;assistance aux entreprises con\u00e7us sp\u00e9cifiquement pour les clients professionnels.<\/span><\/div><div class=\"qwen-markdown-space\">\u00a0<\/div><h2 class=\"qwen-markdown-heading\"><span class=\"qwen-markdown-text\">Chambres et h\u00e9bergements<\/span><\/h2><div class=\"qwen-markdown-paragraph\"><strong class=\"qwen-markdown-strong\"><span class=\"qwen-markdown-text\">6. Quels types de chambres sont disponibles \u00e0 l&#039;h\u00f4tel ?<\/span><\/strong><span class=\"qwen-markdown-text\"> L&#039;h\u00f4tel propose diff\u00e9rents types de chambres, notamment des chambres standard, des chambres de luxe et des suites, toutes dot\u00e9es de baies vitr\u00e9es, d&#039;une literie haut de gamme et d&#039;\u00e9quipements modernes.<\/span><\/div><div class=\"qwen-markdown-space\">\u00a0<\/div><div class=\"qwen-markdown-paragraph\"><strong class=\"qwen-markdown-strong\"><span class=\"qwen-markdown-text\">7. Les chambres sont-elles insonoris\u00e9es ?<\/span><\/strong><span class=\"qwen-markdown-text\"> Oui, toutes les chambres sont \u00e9quip\u00e9es d&#039;une technologie d&#039;insonorisation afin de garantir un environnement calme et reposant malgr\u00e9 l&#039;emplacement en plein centre-ville.<\/span><\/div><div class=\"qwen-markdown-space\">\u00a0<\/div><div class=\"qwen-markdown-paragraph\"><strong class=\"qwen-markdown-strong\"><span class=\"qwen-markdown-text\">8. Les chambres disposent-elles d&#039;un acc\u00e8s Wi-Fi\u00a0?<\/span><\/strong><span class=\"qwen-markdown-text\"> Une connexion Wi-Fi haut d\u00e9bit gratuite est disponible dans toutes les chambres et dans l&#039;ensemble de l&#039;\u00e9tablissement.<\/span><\/div><div class=\"qwen-markdown-space\">\u00a0<\/div><div class=\"qwen-markdown-paragraph\"><strong class=\"qwen-markdown-strong\"><span class=\"qwen-markdown-text\">9. Y a-t-il des ports de chargement USB dans les chambres ?<\/span><\/strong><span class=\"qwen-markdown-text\"> Oui, les chambres sont \u00e9quip\u00e9es de ports de chargement USB pratiques situ\u00e9s pr\u00e8s du lit et des espaces de travail pour faciliter le chargement des appareils.<\/span><\/div><div class=\"qwen-markdown-space\">\u00a0<\/div><div class=\"qwen-markdown-paragraph\"><strong class=\"qwen-markdown-strong\"><span class=\"qwen-markdown-text\">10. Les chambres sont-elles \u00e9quip\u00e9es d&#039;un mini-r\u00e9frig\u00e9rateur\u00a0?<\/span><\/strong><span class=\"qwen-markdown-text\"> Certaines cat\u00e9gories de chambres sont \u00e9quip\u00e9es d&#039;un mini-r\u00e9frig\u00e9rateur. Les clients sont invit\u00e9s \u00e0 le pr\u00e9ciser lors de leur r\u00e9servation s&#039;ils souhaitent en b\u00e9n\u00e9ficier.<\/span><\/div><div class=\"qwen-markdown-space\">\u00a0<\/div><h2 class=\"qwen-markdown-heading\"><span class=\"qwen-markdown-text\">Lieu et transport<\/span><\/h2><div class=\"qwen-markdown-paragraph\"><strong class=\"qwen-markdown-strong\"><span class=\"qwen-markdown-text\">11. L&#039;h\u00f4tel est-il reli\u00e9 \u00e0 un centre commercial ?<\/span><\/strong><span class=\"qwen-markdown-text\"> Oui, l&#039;h\u00f4tel est directement reli\u00e9 au centre commercial Huafa, offrant un acc\u00e8s imm\u00e9diat aux magasins, restaurants et lieux de divertissement.<\/span><\/div><div class=\"qwen-markdown-space\">\u00a0<\/div><div class=\"qwen-markdown-paragraph\"><strong class=\"qwen-markdown-strong\"><span class=\"qwen-markdown-text\">12. \u00c0 quelle distance se trouve l&#039;h\u00f4tel de Macao ?<\/span><\/strong><span class=\"qwen-markdown-text\"> L&#039;h\u00f4tel est id\u00e9alement situ\u00e9 pr\u00e8s du poste fronti\u00e8re de Macao, le trajet durant g\u00e9n\u00e9ralement entre 30 et 45 minutes en fonction de la circulation et des proc\u00e9dures frontali\u00e8res.<\/span><\/div><div class=\"qwen-markdown-space\">\u00a0<\/div><div class=\"qwen-markdown-paragraph\"><strong class=\"qwen-markdown-strong\"><span class=\"qwen-markdown-text\">13. Y a-t-il un parking disponible \u00e0 l&#039;h\u00f4tel ?<\/span><\/strong><span class=\"qwen-markdown-text\"> Oui, un parking est disponible sur place pour les clients arrivant en v\u00e9hicule personnel ou en voiture de location.<\/span><\/div><div class=\"qwen-markdown-space\">\u00a0<\/div><div class=\"qwen-markdown-paragraph\"><strong class=\"qwen-markdown-strong\"><span class=\"qwen-markdown-text\">14. Quels sont les moyens de transport disponibles \u00e0 proximit\u00e9 ?<\/span><\/strong><span class=\"qwen-markdown-text\"> L&#039;h\u00f4tel est bien desservi par les taxis, les services de covoiturage et les transports en commun, ce qui facilite les d\u00e9placements dans Zhuhai et ses environs.<\/span><\/div><div class=\"qwen-markdown-space\">\u00a0<\/div><h2 class=\"qwen-markdown-heading\"><span class=\"qwen-markdown-text\">Restauration et services alimentaires<\/span><\/h2><div class=\"qwen-markdown-paragraph\"><strong class=\"qwen-markdown-strong\"><span class=\"qwen-markdown-text\">15. Quelles sont les options de restauration disponibles \u00e0 l&#039;h\u00f4tel ?<\/span><\/strong><span class=\"qwen-markdown-text\"> L&#039;h\u00f4tel dispose d&#039;un restaurant sur place servant des buffets de petit-d\u00e9jeuner avec des options cantonaises et internationales, ainsi que d&#039;un espace dans le hall offrant gratuitement du caf\u00e9 et des boissons.<\/span><\/div><div class=\"qwen-markdown-space\">\u00a0<\/div><div class=\"qwen-markdown-paragraph\"><strong class=\"qwen-markdown-strong\"><span class=\"qwen-markdown-text\">16. Le petit-d\u00e9jeuner est-il inclus dans le prix de la chambre\u00a0?<\/span><\/strong><span class=\"qwen-markdown-text\"> Le petit-d\u00e9jeuner est inclus selon le tarif de la chambre et la formule de r\u00e9servation. Il est conseill\u00e9 aux clients de v\u00e9rifier les d\u00e9tails du petit-d\u00e9jeuner lors de leur r\u00e9servation.<\/span><\/div><div class=\"qwen-markdown-space\">\u00a0<\/div><div class=\"qwen-markdown-paragraph\"><strong class=\"qwen-markdown-strong\"><span class=\"qwen-markdown-text\">17. Y a-t-il des restaurants \u00e0 proximit\u00e9 de l&#039;h\u00f4tel ?<\/span><\/strong><span class=\"qwen-markdown-text\"> Oui, le centre commercial Huafa propose de nombreuses options de restauration, allant de la cuisine cantonaise locale aux restaurants internationaux, tous accessibles \u00e0 pied.<\/span><\/div><div class=\"qwen-markdown-space\">\u00a0<\/div><h2 class=\"qwen-markdown-heading\"><span class=\"qwen-markdown-text\">Commodit\u00e9s et services<\/span><\/h2><div class=\"qwen-markdown-paragraph\"><strong class=\"qwen-markdown-strong\"><span class=\"qwen-markdown-text\">18. L&#039;h\u00f4tel dispose-t-il d&#039;un centre de remise en forme ?<\/span><\/strong><span class=\"qwen-markdown-text\"> Oui, un centre de remise en forme moderne est \u00e0 la disposition des clients qui souhaitent maintenir leur routine d&#039;exercice pendant leur s\u00e9jour.<\/span><\/div><div class=\"qwen-markdown-space\">\u00a0<\/div><div class=\"qwen-markdown-paragraph\"><strong class=\"qwen-markdown-strong\"><span class=\"qwen-markdown-text\">19. Quels services suppl\u00e9mentaires l&#039;h\u00f4tel propose-t-il ?<\/span><\/strong><span class=\"qwen-markdown-text\"> Les services suppl\u00e9mentaires comprennent une consigne \u00e0 bagages, un service de garde d&#039;enfants, une laverie automatique, des salles de r\u00e9union et un service de conciergerie pour des recommandations locales.<\/span><\/div><div class=\"qwen-markdown-space\">\u00a0<\/div><div class=\"qwen-markdown-paragraph\"><strong class=\"qwen-markdown-strong\"><span class=\"qwen-markdown-text\">20. L&#039;h\u00f4tel est-il adapt\u00e9 aux familles ?<\/span><\/strong><span class=\"qwen-markdown-text\"> Oui, l&#039;h\u00f4tel accueille les familles et propose des services tels que la garde d&#039;enfants, des chambres spacieuses et un environnement s\u00fbr adapt\u00e9 aux enfants de tous \u00e2ges.<\/span><\/div><div class=\"qwen-markdown-space\">\u00a0<\/div><div class=\"qwen-markdown-hr\"><hr \/><\/div>\t\t\t\t\t\t\t\t<\/div>\n\t\t\t\t\t<\/div>\n\t\t\t\t<\/div>\n\t\t\t\t<\/div>","protected":false},"excerpt":{"rendered":"<p>Below, you will find a list of the questions most frequently asked by our guests. FAQ&#8217;S Questions &amp; Answers General Information 1. What is the exact address of IntercityHotel Zhuhai Xiangzhou Huafa Shopping Mall? The hotel is located at Building 21, Xiangzhou Chuanggang Center, No. 1 Chuangfa Road, Xiangzhou District, Zhuhai, Guangdong, China.\u00a02. How do [&hellip;]<\/p>\n","protected":false},"author":1,"featured_media":0,"parent":0,"menu_order":0,"comment_status":"closed","ping_status":"closed","template":"elementor_header_footer","meta":{"footnotes":""},"class_list":["post-2105","page","type-page","status-publish","hentry","post-no-thumbnail"],"_links":{"self":[{"href":"https:\/\/xiangzhou-huafa.intercityhotelzhuhai.com\/fr\/wp-json\/wp\/v2\/pages\/2105","targetHints":{"allow":["GET"]}}],"collection":[{"href":"https:\/\/xiangzhou-huafa.intercityhotelzhuhai.com\/fr\/wp-json\/wp\/v2\/pages"}],"about":[{"href":"https:\/\/xiangzhou-huafa.intercityhotelzhuhai.com\/fr\/wp-json\/wp\/v2\/types\/page"}],"author":[{"embeddable":true,"href":"https:\/\/xiangzhou-huafa.intercityhotelzhuhai.com\/fr\/wp-json\/wp\/v2\/users\/1"}],"replies":[{"embeddable":true,"href":"https:\/\/xiangzhou-huafa.intercityhotelzhuhai.com\/fr\/wp-json\/wp\/v2\/comments?post=2105"}],"version-history":[{"count":0,"href":"https:\/\/xiangzhou-huafa.intercityhotelzhuhai.com\/fr\/wp-json\/wp\/v2\/pages\/2105\/revisions"}],"wp:attachment":[{"href":"https:\/\/xiangzhou-huafa.intercityhotelzhuhai.com\/fr\/wp-json\/wp\/v2\/media?parent=2105"}],"curies":[{"name":"wp","href":"https:\/\/api.w.org\/{rel}","templated":true}]}}