{"id":2104,"date":"2021-03-23T09:33:48","date_gmt":"2021-03-23T09:33:48","guid":{"rendered":"http:\/\/localhost\/nuss\/?page_id=167"},"modified":"2026-03-17T12:20:55","modified_gmt":"2026-03-17T12:20:55","slug":"notre-histoire","status":"publish","type":"page","link":"https:\/\/xiangzhou-huafa.intercityhotelzhuhai.com\/fr\/our-story\/","title":{"rendered":"Notre histoire"},"content":{"rendered":"<div data-elementor-type=\"wp-page\" data-elementor-id=\"2104\" class=\"elementor elementor-2104\">\n\t\t\t\t\t\t<section class=\"elementor-section elementor-top-section elementor-element elementor-element-8f5bb9d elementor-section-boxed elementor-section-gap-beside-yes elementor-section-height-default elementor-section-height-default elementor-section-column-vertical-align-stretch\" data-id=\"8f5bb9d\" data-element_type=\"section\" data-e-type=\"section\">\n\t\t\t\t\t\t<div class=\"elementor-container elementor-column-gap-extended\">\n\t\t\t\t\t<div class=\"elementor-column elementor-col-100 elementor-top-column elementor-element elementor-element-7ec4215\" data-id=\"7ec4215\" data-element_type=\"column\" data-e-type=\"column\">\n\t\t\t<div class=\"elementor-widget-wrap elementor-element-populated\">\n\t\t\t\t\t\t<div class=\"elementor-element elementor-element-edd9d03 elementor-widget__width-initial elementor-invisible elementor-widget elementor-widget-text-editor\" data-id=\"edd9d03\" data-element_type=\"widget\" data-e-type=\"widget\" data-settings=\"{&quot;_animation&quot;:&quot;nussFadeInUp&quot;}\" data-widget_type=\"text-editor.default\">\n\t\t\t\t\t\t\t\t\tNotre histoire : IntercityHotel Zhuhai Centre commercial Xiangzhou Huafa\t\t\t\t\t\t\t\t<\/div>\n\t\t\t\t\t<\/div>\n\t\t<\/div>\n\t\t\t\t\t<\/div>\n\t\t<\/section>\n\t\t<div class=\"elementor-element elementor-element-c1755f3 e-flex e-con-boxed e-con e-parent\" data-id=\"c1755f3\" data-element_type=\"container\" data-e-type=\"container\">\n\t\t\t\t\t<div class=\"e-con-inner\">\n\t\t\t\t<div class=\"elementor-element elementor-element-6fb947a elementor-widget elementor-widget-text-editor\" data-id=\"6fb947a\" data-element_type=\"widget\" data-e-type=\"widget\" data-widget_type=\"text-editor.default\">\n\t\t\t\t\t\t\t\t\t<h2 class=\"qwen-markdown-heading\"><span class=\"qwen-markdown-text\">Un h\u00e9ritage d&#039;excellence au c\u0153ur de Zhuhai<\/span><\/h2><div class=\"qwen-markdown-paragraph\"><span class=\"qwen-markdown-text\">Bienvenue sur <\/span><strong class=\"qwen-markdown-strong\"><span class=\"qwen-markdown-text\">IntercityHotel Zhuhai Xiangzhou Huafa Shopping Mall<\/span><\/strong><span class=\"qwen-markdown-text\">, Un lieu o\u00f9 l&#039;hospitalit\u00e9 moderne rencontre le confort intemporel, au c\u0153ur de l&#039;une des villes c\u00f4ti\u00e8res les plus dynamiques de Chine. Notre histoire commence avec la vision de cr\u00e9er bien plus qu&#039;un simple lieu d&#039;h\u00e9bergement\u00a0: un havre de paix o\u00f9 voyageurs d&#039;affaires, familles et explorateurs pourraient se ressourcer et renouer avec l&#039;essentiel.<\/span><\/div><div class=\"qwen-markdown-space\">\u00a0<\/div><div class=\"qwen-markdown-paragraph\"><span class=\"qwen-markdown-text\">Situ\u00e9 \u00e0 <\/span><strong class=\"qwen-markdown-strong\"><span class=\"qwen-markdown-text\">B\u00e2timent 21, centre Xiangzhou Chuanggang, route n\u00b0 1 Chuangfa, district de Xiangzhou, Zhuhai, Guangdong, Chine<\/span><\/strong><span class=\"qwen-markdown-text\">, Notre h\u00f4tel t\u00e9moigne d&#039;une conception r\u00e9fl\u00e9chie, d&#039;un service exceptionnel et d&#039;un engagement sans faille envers la satisfaction de nos clients.<\/span><\/div><div class=\"qwen-markdown-space\">\u00a0<\/div><h2 class=\"qwen-markdown-heading\"><span class=\"qwen-markdown-text\">L&#039;h\u00f4tel Intercity Heritage<\/span><\/h2><div class=\"qwen-markdown-paragraph\"><span class=\"qwen-markdown-text\">IntercityHotel est une marque de renom, profond\u00e9ment ancr\u00e9e dans l&#039;excellence h\u00f4teli\u00e8re allemande. Depuis des d\u00e9cennies, son nom est synonyme d&#039;efficacit\u00e9, de fiabilit\u00e9 et de confort moderne dans les grandes villes du monde entier. En implantant cet h\u00e9ritage \u00e0 Zhuhai, nous avons perp\u00e9tu\u00e9 les principes fondamentaux qui ont fait de la marque un choix de confiance pour des millions de voyageurs\u00a0: un service irr\u00e9prochable, le souci du d\u00e9tail et une \u00e9coute attentive des besoins r\u00e9els de nos clients.<\/span><\/div><div class=\"qwen-markdown-space\">\u00a0<\/div><div class=\"qwen-markdown-paragraph\"><span class=\"qwen-markdown-text\">Notre \u00e9tablissement de Zhuhai incarne cet h\u00e9ritage tout en s&#039;impr\u00e9gnant du caract\u00e8re et de la culture uniques de la r\u00e9gion de la Grande Baie. Nous sommes convaincus que l&#039;hospitalit\u00e9 d&#039;exception transcende les fronti\u00e8res, et notre \u00e9quipe s&#039;efforce sans rel\u00e2che d&#039;allier les standards internationaux \u00e0 la chaleur locale, pour cr\u00e9er une exp\u00e9rience \u00e0 la fois famili\u00e8re et typiquement zhaihaienne.<\/span><\/div><div class=\"qwen-markdown-space\">\u00a0<\/div><h2 class=\"qwen-markdown-heading\"><span class=\"qwen-markdown-text\">Pourquoi le district de Xiangzhou ?<\/span><\/h2><div class=\"qwen-markdown-paragraph\"><span class=\"qwen-markdown-text\">Le choix de l&#039;emplacement de notre h\u00f4tel a \u00e9t\u00e9 m\u00fbrement r\u00e9fl\u00e9chi. Le district de Xiangzhou repr\u00e9sente le c\u0153ur vibrant de Zhuhai\u00a0: un centre commercial anim\u00e9 qui allie harmonieusement l&#039;\u00e9nergie urbaine et le charme c\u00f4tier. Ce district abrite des centres d&#039;affaires florissants, des sites culturels embl\u00e9matiques, des boutiques de renomm\u00e9e internationale et offre un acc\u00e8s facile \u00e0 Macao, ce qui en fait le point de d\u00e9part id\u00e9al pour les voyageurs explorant la r\u00e9gion.<\/span><\/div><div class=\"qwen-markdown-space\">\u00a0<\/div><div class=\"qwen-markdown-paragraph\"><span class=\"qwen-markdown-text\">Le centre Chuanggang, o\u00f9 se trouve notre h\u00f4tel, est un complexe embl\u00e9matique qui symbolise la croissance et la modernisation de Zhuhai. En \u00e9tablissant notre pr\u00e9sence au <\/span><strong class=\"qwen-markdown-strong\"><span class=\"qwen-markdown-text\">N\u00b0 1, rue Chuangfa<\/span><\/strong><span class=\"qwen-markdown-text\">, Nous nous sommes positionn\u00e9s au c\u0153ur de l&#039;activit\u00e9, afin de garantir \u00e0 nos clients qu&#039;ils ne soient jamais loin de ce dont ils ont besoin, qu&#039;il s&#039;agisse d&#039;une r\u00e9union d&#039;affaires, d&#039;une vir\u00e9e shopping ou d&#039;une aventure culinaire.<\/span><\/div><div class=\"qwen-markdown-space\">\u00a0<\/div><div class=\"qwen-markdown-paragraph\"><span class=\"qwen-markdown-text\">Le centre commercial Huafa, situ\u00e9 juste \u00e0 c\u00f4t\u00e9, offre un confort suppl\u00e9mentaire en permettant aux clients d&#039;acc\u00e9der imm\u00e9diatement \u00e0 des centaines de boutiques, restaurants, lieux de divertissement et services. Gr\u00e2ce \u00e0 cet emplacement strat\u00e9gique, nos clients peuvent profiter pleinement de leur s\u00e9jour \u00e0 Zhuhai, en passant moins de temps dans les transports et plus de temps \u00e0 d\u00e9couvrir tout ce que cette ville remarquable a \u00e0 offrir.<\/span><\/div><div class=\"qwen-markdown-space\">\u00a0<\/div><h2 class=\"qwen-markdown-heading\"><span class=\"qwen-markdown-text\">Notre vision : red\u00e9finir l&#039;hospitalit\u00e9 urbaine<\/span><\/h2><div class=\"qwen-markdown-paragraph\"><span class=\"qwen-markdown-text\">D\u00e8s notre ouverture, notre vision a \u00e9t\u00e9 claire\u00a0: red\u00e9finir l\u2019h\u00f4tellerie urbaine \u00e0 Zhuhai. Nous avons compris que les voyageurs modernes exigent bien plus qu\u2019un simple lit confortable\u00a0; ils recherchent des exp\u00e9riences fluides, des \u00e9quipements intelligents et des services qui anticipent leurs besoins.<\/span><\/div><div class=\"qwen-markdown-space\">\u00a0<\/div><div class=\"qwen-markdown-paragraph\"><span class=\"qwen-markdown-text\">Notre vision repose sur trois piliers fondamentaux\u00a0:<\/span><\/div><div class=\"qwen-markdown-space\">\u00a0<\/div><div class=\"qwen-markdown-paragraph\"><strong class=\"qwen-markdown-strong\"><span class=\"qwen-markdown-text\">L&#039;efficacit\u00e9 sans compromis<\/span><\/strong><span class=\"qwen-markdown-text\"> Nous savons que le temps est pr\u00e9cieux, surtout pour les voyageurs d&#039;affaires. Nos services d&#039;enregistrement et de d\u00e9part express, notre r\u00e9ception ouverte 24h\/24 et nos proc\u00e9dures optimis\u00e9es permettent \u00e0 nos clients de consacrer moins de temps aux formalit\u00e9s et plus de temps \u00e0 ce qui compte vraiment pour eux.<\/span><\/div><div class=\"qwen-markdown-space\">\u00a0<\/div><div class=\"qwen-markdown-paragraph\"><strong class=\"qwen-markdown-strong\"><span class=\"qwen-markdown-text\">Le confort qui inspire<\/span><\/strong><span class=\"qwen-markdown-text\"> Chaque \u00e9l\u00e9ment de notre h\u00f4tel, de la literie haut de gamme de nos chambres \u00e0 l&#039;insonorisation qui prot\u00e8ge nos clients des bruits de la ville, a \u00e9t\u00e9 soigneusement s\u00e9lectionn\u00e9 pour cr\u00e9er un environnement propice \u00e0 la d\u00e9tente et au ressourcement. Nous sommes convaincus qu&#039;un confort optimal permet \u00e0 nos clients de donner le meilleur d&#039;eux-m\u00eames, qu&#039;il s&#039;agisse de conclure une affaire ou de d\u00e9couvrir une nouvelle ville.<\/span><\/div><div class=\"qwen-markdown-space\">\u00a0<\/div><div class=\"qwen-markdown-paragraph\"><strong class=\"qwen-markdown-strong\"><span class=\"qwen-markdown-text\">Lien avec la communaut\u00e9<\/span><\/strong><span class=\"qwen-markdown-text\"> Tout en vous offrant une parenth\u00e8se loin du tumulte du monde ext\u00e9rieur, nous mettons \u00e9galement \u00e0 l&#039;honneur les liens avec la culture locale, le quartier anim\u00e9 et les habitants qui font de Zhuhai une ville si particuli\u00e8re. Notre \u00e9quipe, v\u00e9ritable ambassadrice de la ville, partage ses connaissances et ses recommandations pour vous permettre de vivre Zhuhai comme un local.<\/span><\/div><div class=\"qwen-markdown-space\">\u00a0<\/div><h2 class=\"qwen-markdown-heading\"><span class=\"qwen-markdown-text\">Notre mission : Chaque client, chaque s\u00e9jour<\/span><\/h2><div class=\"qwen-markdown-paragraph\"><span class=\"qwen-markdown-text\">Notre mission est simple, mais essentielle\u00a0: faire en sorte que chaque client qui franchit nos portes reparte avec des souvenirs inoubliables. Nous mesurons notre succ\u00e8s non pas au taux d\u2019occupation ou au chiffre d\u2019affaires, mais aux sourires de nos clients \u00e0 leur d\u00e9part, aux r\u00e9servations r\u00e9p\u00e9t\u00e9es de nos voyageurs fid\u00e8les et aux avis positifs qui t\u00e9moignent d\u2019une satisfaction authentique.<\/span><\/div><div class=\"qwen-markdown-space\">\u00a0<\/div><div class=\"qwen-markdown-paragraph\"><span class=\"qwen-markdown-text\">Pour accomplir cette mission, nous nous concentrons sur\u00a0:<\/span><\/div><div class=\"qwen-markdown-space\">\u00a0<\/div><div class=\"qwen-markdown-paragraph\"><strong class=\"qwen-markdown-strong\"><span class=\"qwen-markdown-text\">Service personnalis\u00e9<\/span><\/strong><span class=\"qwen-markdown-text\"> Chaque client est unique, et nous savons que chacun a des besoins et des pr\u00e9f\u00e9rences qui lui sont propres. Notre personnel est form\u00e9 pour \u00eatre \u00e0 l&#039;\u00e9coute, r\u00e9pondre avec attention et se surpasser pour satisfaire vos demandes particuli\u00e8res. Qu&#039;il s&#039;agisse d&#039;organiser votre transport, de vous recommander des restaurants locaux ou de pr\u00e9parer une chambre pour une famille avec de jeunes enfants, nous consid\u00e9rons chaque demande comme une occasion de d\u00e9passer vos attentes.<\/span><\/div><div class=\"qwen-markdown-space\">\u00a0<\/div><div class=\"qwen-markdown-paragraph\"><strong class=\"qwen-markdown-strong\"><span class=\"qwen-markdown-text\">Qualit\u00e9 constante<\/span><\/strong><span class=\"qwen-markdown-text\"> La fiabilit\u00e9 est la pierre angulaire de la confiance. Nos clients choisissent IntercityHotel car ils savent \u00e0 quoi s&#039;attendre\u00a0: des chambres propres, des lits confortables, une connexion Wi-Fi fiable, un personnel accueillant et un s\u00e9jour sans tracas. Nous appliquons des normes rigoureuses \u00e0 tous les niveaux de nos op\u00e9rations afin de garantir une qualit\u00e9 constante, quelle que soit la dur\u00e9e du s\u00e9jour.<\/span><\/div><div class=\"qwen-markdown-space\">\u00a0<\/div><div class=\"qwen-markdown-paragraph\"><strong class=\"qwen-markdown-strong\"><span class=\"qwen-markdown-text\">Am\u00e9lioration continue<\/span><\/strong><span class=\"qwen-markdown-text\"> Le secteur de l&#039;h\u00f4tellerie est en constante \u00e9volution, et nous \u00e9voluons avec lui. Nous sollicitons activement les commentaires de nos clients, suivons les tendances du secteur et investissons dans des am\u00e9liorations et des innovations qui enrichissent leur exp\u00e9rience. Notre engagement envers l&#039;am\u00e9lioration continue garantit \u00e0 nos clients fid\u00e8les de d\u00e9couvrir \u00e0 chaque visite quelque chose de nouveau et d&#039;am\u00e9lior\u00e9.<\/span><\/div><div class=\"qwen-markdown-space\">\u00a0<\/div><h2 class=\"qwen-markdown-heading\"><span class=\"qwen-markdown-text\">Nos valeurs : les principes qui nous guident<\/span><\/h2><div class=\"qwen-markdown-paragraph\"><span class=\"qwen-markdown-text\">Derri\u00e8re chaque d\u00e9cision que nous prenons, chaque service que nous offrons et chaque interaction que nous avons avec nos clients, se cachent des valeurs fondamentales qui guident notre \u00e9quipe\u00a0:<\/span><\/div><div class=\"qwen-markdown-space\">\u00a0<\/div><div class=\"qwen-markdown-paragraph\"><strong class=\"qwen-markdown-strong\"><span class=\"qwen-markdown-text\">Int\u00e9grit\u00e9<\/span><\/strong><span class=\"qwen-markdown-text\"> Nous agissons avec honn\u00eatet\u00e9 et transparence dans toutes nos relations. Qu&#039;il s&#039;agisse de nos tarifs ou de nos politiques, nous privil\u00e9gions une communication claire afin d&#039;instaurer la confiance avec nos clients et partenaires.<\/span><\/div><div class=\"qwen-markdown-space\">\u00a0<\/div><div class=\"qwen-markdown-paragraph\"><strong class=\"qwen-markdown-strong\"><span class=\"qwen-markdown-text\">Excellence<\/span><\/strong><span class=\"qwen-markdown-text\"> L&#039;excellence est notre seule limite. Nous visons l&#039;excellence dans les moindres d\u00e9tails, de la propret\u00e9 de nos chambres \u00e0 la chaleur de notre accueil. Notre \u00e9quipe est fi\u00e8re d&#039;offrir un service qui surpasse les normes du secteur.<\/span><\/div><div class=\"qwen-markdown-space\">\u00a0<\/div><div class=\"qwen-markdown-paragraph\"><strong class=\"qwen-markdown-strong\"><span class=\"qwen-markdown-text\">Respect<\/span><\/strong><span class=\"qwen-markdown-text\"> Nous valorisons la diversit\u00e9 de nos clients, de nos collaborateurs et de notre communaut\u00e9. Chaque personne qui entre dans notre h\u00f4tel est trait\u00e9e avec dignit\u00e9, courtoisie et une attention sinc\u00e8re.<\/span><\/div><div class=\"qwen-markdown-space\">\u00a0<\/div><div class=\"qwen-markdown-paragraph\"><strong class=\"qwen-markdown-strong\"><span class=\"qwen-markdown-text\">Innovation<\/span><\/strong><span class=\"qwen-markdown-text\"> Nous privil\u00e9gions les nouvelles id\u00e9es et technologies qui am\u00e9liorent l&#039;exp\u00e9rience client. Des \u00e9quipements intelligents en chambre aux options d&#039;enregistrement num\u00e9rique, nous cherchons constamment \u00e0 rendre les s\u00e9jours plus pratiques et agr\u00e9ables.<\/span><\/div><div class=\"qwen-markdown-space\">\u00a0<\/div><div class=\"qwen-markdown-paragraph\"><strong class=\"qwen-markdown-strong\"><span class=\"qwen-markdown-text\">Durabilit\u00e9<\/span><\/strong><span class=\"qwen-markdown-text\"> Nous sommes conscients de notre responsabilit\u00e9 envers l&#039;environnement et la communaut\u00e9. Nos activit\u00e9s int\u00e8grent des pratiques \u00e9coresponsables, allant des syst\u00e8mes \u00e9co\u00e9nerg\u00e9tiques aux initiatives de r\u00e9duction des d\u00e9chets, afin de contribuer positivement \u00e0 l&#039;avenir de Zhuhai.<\/span><\/div><div class=\"qwen-markdown-space\">\u00a0<\/div><h2 class=\"qwen-markdown-heading\"><span class=\"qwen-markdown-text\">L&#039;\u00e9quipe derri\u00e8re l&#039;histoire<\/span><\/h2><div class=\"qwen-markdown-paragraph\"><span class=\"qwen-markdown-text\">Notre h\u00f4tel doit sa grandeur aux personnes qui le font vivre au quotidien. L&#039;\u00e9quipe de l&#039;IntercityHotel Zhuhai Xiangzhou est compos\u00e9e de professionnels d\u00e9vou\u00e9s, issus d&#039;horizons divers, unis par une m\u00eame passion pour l&#039;hospitalit\u00e9. Nombre d&#039;entre eux ont \u00e9volu\u00e9 au sein de l&#039;h\u00f4tel depuis son ouverture, acqu\u00e9rant une connaissance approfondie de son fonctionnement et tissant des liens authentiques avec nos clients fid\u00e8les.<\/span><\/div><div class=\"qwen-markdown-space\">\u00a0<\/div><div class=\"qwen-markdown-paragraph\"><span class=\"qwen-markdown-text\">Notre personnel b\u00e9n\u00e9ficie d&#039;une formation compl\u00e8te qui couvre non seulement les comp\u00e9tences techniques, mais aussi l&#039;art de l&#039;hospitalit\u00e9 authentique. Nous sommes convaincus que des sourires chaleureux, une \u00e9coute attentive et une r\u00e9solution proactive des probl\u00e8mes sont tout aussi importants que l&#039;efficacit\u00e9 op\u00e9rationnelle. Ce contact humain transforme un s\u00e9jour \u00e0 l&#039;h\u00f4tel en une exp\u00e9rience m\u00e9morable.<\/span><\/div><div class=\"qwen-markdown-space\">\u00a0<\/div><h2 class=\"qwen-markdown-heading\"><span class=\"qwen-markdown-text\">Notre engagement envers la communaut\u00e9<\/span><\/h2><div class=\"qwen-markdown-paragraph\"><span class=\"qwen-markdown-text\">En tant que membres de la communaut\u00e9 du district de Xiangzhou, nous sommes conscients de notre responsabilit\u00e9 de contribuer positivement \u00e0 notre quartier et \u00e0 notre ville. Nous collaborons avec les entreprises locales, nous approvisionnons aupr\u00e8s de fournisseurs r\u00e9gionaux lorsque cela est possible et nous participons \u00e0 des initiatives communautaires qui soutiennent le d\u00e9veloppement de Zhuhai.<\/span><\/div><div class=\"qwen-markdown-space\">\u00a0<\/div><div class=\"qwen-markdown-paragraph\"><span class=\"qwen-markdown-text\">Notre emplacement au c\u0153ur du centre de Chuanggang nous permet de nous int\u00e9grer pleinement au rythme quotidien du quartier. Nous c\u00e9l\u00e9brons les f\u00eates locales, soutenons les \u00e9v\u00e9nements culturels et repr\u00e9sentons Zhuhai aupr\u00e8s des visiteurs du monde entier. En mettant en valeur les atouts de notre ville, nous esp\u00e9rons inciter nos visiteurs \u00e0 revenir et \u00e0 d\u00e9couvrir davantage les richesses de cette r\u00e9gion remarquable.<\/span><\/div><div class=\"qwen-markdown-space\">\u00a0<\/div><h2 class=\"qwen-markdown-heading\"><span class=\"qwen-markdown-text\">Perspectives d&#039;avenir : L&#039;avenir de l&#039;IntercityHotel Zhuhai<\/span><\/h2><div class=\"qwen-markdown-paragraph\"><span class=\"qwen-markdown-text\">Tourn\u00e9s vers l&#039;avenir, notre engagement envers l&#039;excellence demeure in\u00e9branlable. La r\u00e9gion de la baie de San Francisco poursuit son d\u00e9veloppement et nous sommes pr\u00eats \u00e0 \u00e9voluer \u00e0 ses c\u00f4t\u00e9s. Nous pr\u00e9voyons d&#039;introduire de nouveaux services, d&#039;agrandir nos espaces de r\u00e9union et d&#039;am\u00e9liorer nos services num\u00e9riques afin de r\u00e9pondre aux besoins changeants des voyageurs d&#039;aujourd&#039;hui.<\/span><\/div><div class=\"qwen-markdown-space\">\u00a0<\/div><div class=\"qwen-markdown-paragraph\"><span class=\"qwen-markdown-text\">Malgr\u00e9 nos innovations et notre expansion, nous n&#039;oublierons jamais les fondamentaux qui ont fait notre succ\u00e8s\u00a0: des chambres impeccables, des lits confortables, un service attentionn\u00e9 et un emplacement exceptionnel. Ces valeurs essentielles de l&#039;hospitalit\u00e9 resteront toujours au c\u0153ur de notre activit\u00e9.<\/span><\/div><div class=\"qwen-markdown-space\">\u00a0<\/div><h2 class=\"qwen-markdown-heading\"><span class=\"qwen-markdown-text\">Votre histoire commence ici<\/span><\/h2><div class=\"qwen-markdown-paragraph\"><span class=\"qwen-markdown-text\">Chaque client qui s\u00e9journe chez nous fait partie de notre histoire. Que vous soyez \u00e0 Zhuhai pour une n\u00e9gociation d&#039;affaires cruciale, des vacances en famille dans les parcs d&#039;attractions environnants, une escapade romantique sur la c\u00f4te ou une d\u00e9couverte de Macao et de la r\u00e9gion de la Grande Baie, nous sommes honor\u00e9s de contribuer \u00e0 votre voyage.<\/span><\/div><div class=\"qwen-markdown-space\">\u00a0<\/div><div class=\"qwen-markdown-paragraph\"><span class=\"qwen-markdown-text\">Nos portes sont ouvertes, nos chambres sont pr\u00eates et notre \u00e9quipe est impatiente de vous accueillir. Nous vous invitons \u00e0 d\u00e9couvrir la diff\u00e9rence IntercityHotel\u00a0: un m\u00e9lange d\u2019efficacit\u00e9 allemande, de convivialit\u00e9 locale et de confort moderne pour des s\u00e9jours inoubliables.<\/span><\/div><div class=\"qwen-markdown-space\">\u00a0<\/div><div class=\"qwen-markdown-paragraph\"><span class=\"qwen-markdown-text\">Merci d&#039;avoir choisi l&#039;IntercityHotel Zhuhai Xiangzhou Huafa Shopping Mall comme votre r\u00e9sidence secondaire. Nous avons h\u00e2te d&#039;\u00e9crire le prochain chapitre de notre histoire avec vous.<\/span><\/div><div class=\"qwen-markdown-space\">\u00a0<\/div><div class=\"qwen-markdown-hr\"><hr \/><\/div><div class=\"qwen-markdown-space\">\u00a0<\/div><div class=\"qwen-markdown-paragraph\" data-spm-anchor-id=\"a2ty_o01.29997173.0.i86.694f5171ZgAGrV\"><em><span class=\"qwen-markdown-text\">IntercityHotel Zhuhai Xiangzhou Huafa Shopping Mall<\/span><\/em> <em><span class=\"qwen-markdown-text\" data-spm-anchor-id=\"a2ty_o01.29997173.0.i85.694f5171ZgAGrV\">B\u00e2timent 21, centre Xiangzhou Chuanggang, route n\u00b0 1 Chuangfa, district de Xiangzhou, Zhuhai, Guangdong, Chine<\/span><\/em><\/div>\t\t\t\t\t\t\t\t<\/div>\n\t\t\t\t\t<\/div>\n\t\t\t\t<\/div>\n\t\t\t\t<\/div>","protected":false},"excerpt":{"rendered":"<p>Our Story: IntercityHotel Zhuhai Xiangzhou Huafa Shopping Mall A Legacy of Excellence in the Heart of Zhuhai Welcome to IntercityHotel Zhuhai Xiangzhou Huafa Shopping Mall, where modern hospitality meets timeless comfort in one of China&#8217;s most dynamic coastal cities. Our story begins with a vision to create more than just a place to stay\u2014we envisioned [&hellip;]<\/p>\n","protected":false},"author":1,"featured_media":0,"parent":0,"menu_order":0,"comment_status":"closed","ping_status":"closed","template":"elementor_header_footer","meta":{"footnotes":""},"class_list":["post-2104","page","type-page","status-publish","hentry","post-no-thumbnail"],"_links":{"self":[{"href":"https:\/\/xiangzhou-huafa.intercityhotelzhuhai.com\/fr\/wp-json\/wp\/v2\/pages\/2104","targetHints":{"allow":["GET"]}}],"collection":[{"href":"https:\/\/xiangzhou-huafa.intercityhotelzhuhai.com\/fr\/wp-json\/wp\/v2\/pages"}],"about":[{"href":"https:\/\/xiangzhou-huafa.intercityhotelzhuhai.com\/fr\/wp-json\/wp\/v2\/types\/page"}],"author":[{"embeddable":true,"href":"https:\/\/xiangzhou-huafa.intercityhotelzhuhai.com\/fr\/wp-json\/wp\/v2\/users\/1"}],"replies":[{"embeddable":true,"href":"https:\/\/xiangzhou-huafa.intercityhotelzhuhai.com\/fr\/wp-json\/wp\/v2\/comments?post=2104"}],"version-history":[{"count":0,"href":"https:\/\/xiangzhou-huafa.intercityhotelzhuhai.com\/fr\/wp-json\/wp\/v2\/pages\/2104\/revisions"}],"wp:attachment":[{"href":"https:\/\/xiangzhou-huafa.intercityhotelzhuhai.com\/fr\/wp-json\/wp\/v2\/media?parent=2104"}],"curies":[{"name":"wp","href":"https:\/\/api.w.org\/{rel}","templated":true}]}}