{"id":5266,"date":"2021-07-18T08:03:35","date_gmt":"2021-07-18T08:03:35","guid":{"rendered":"https:\/\/nuss.uxper.co\/luxury-resort\/?page_id=5266"},"modified":"2026-03-17T13:50:39","modified_gmt":"2026-03-17T13:50:39","slug":"sobre-nosotros","status":"publish","type":"page","link":"https:\/\/xiangzhou-huafa.intercityhotelzhuhai.com\/es\/about-us\/","title":{"rendered":"Sobre nosotros"},"content":{"rendered":"<div data-elementor-type=\"wp-page\" data-elementor-id=\"5266\" class=\"elementor elementor-5266\">\n\t\t\t\t\t\t<section class=\"elementor-section elementor-top-section elementor-element elementor-element-10416953 elementor-section-boxed elementor-section-gap-beside-yes elementor-section-height-default elementor-section-height-default elementor-section-column-vertical-align-stretch\" data-id=\"10416953\" data-element_type=\"section\" data-e-type=\"section\">\n\t\t\t\t\t\t<div class=\"elementor-container elementor-column-gap-extended\">\n\t\t\t\t\t<div class=\"elementor-column elementor-col-100 elementor-top-column elementor-element elementor-element-29c6aa8\" data-id=\"29c6aa8\" data-element_type=\"column\" data-e-type=\"column\">\n\t\t\t<div class=\"elementor-widget-wrap elementor-element-populated\">\n\t\t\t\t\t\t<div class=\"elementor-element elementor-element-7be18fe7 elementor-widget__width-initial elementor-invisible elementor-widget elementor-widget-text-editor\" data-id=\"7be18fe7\" data-element_type=\"widget\" data-e-type=\"widget\" data-settings=\"{&quot;_animation&quot;:&quot;nussFadeInUp&quot;}\" data-widget_type=\"text-editor.default\">\n\t\t\t\t\t\t\t\t\tIntercityHotel Zhuhai Xiangzhou Huafa Shopping Mall: Su refugio urbano de primera categor\u00eda en el coraz\u00f3n de Zhuhai.\t\t\t\t\t\t\t\t<\/div>\n\t\t\t\t\t<\/div>\n\t\t<\/div>\n\t\t\t\t\t<\/div>\n\t\t<\/section>\n\t\t\t\t<section class=\"elementor-section elementor-top-section elementor-element elementor-element-7d18327f elementor-section-boxed elementor-section-gap-beside-yes elementor-section-height-default elementor-section-height-default elementor-section-column-vertical-align-stretch\" data-id=\"7d18327f\" data-element_type=\"section\" data-e-type=\"section\">\n\t\t\t\t\t\t<div class=\"elementor-container elementor-column-gap-extended\">\n\t\t\t\t\t<div class=\"elementor-column elementor-col-50 elementor-top-column elementor-element elementor-element-56533670\" data-id=\"56533670\" data-element_type=\"column\" data-e-type=\"column\">\n\t\t\t<div class=\"elementor-widget-wrap elementor-element-populated\">\n\t\t\t\t\t\t<div class=\"elementor-element elementor-element-19c3f543 elementor-invisible elementor-widget elementor-widget-text-editor\" data-id=\"19c3f543\" data-element_type=\"widget\" data-e-type=\"widget\" data-settings=\"{&quot;_animation&quot;:&quot;nussFadeInUp&quot;}\" data-widget_type=\"text-editor.default\">\n\t\t\t\t\t\t\t\t\t<p><span class=\"qwen-markdown-text\" data-spm-anchor-id=\"a2ty_o01.29997173.0.i101.694f5171ZgAGrV\">Descubra el confort moderno y una comodidad excepcional en el IntercityHotel Zhuhai Xiangzhou Huafa Shopping Mall, estrat\u00e9gicamente ubicado en el Edificio 21, Xiangzhou Chuanggang Center, No. 1 Chuangfa Road, Distrito de Xiangzhou, Zhuhai, Guangdong, China. Este hotel contempor\u00e1neo combina a la perfecci\u00f3n la hospitalidad de inspiraci\u00f3n alemana con el encanto local, ofreciendo a los viajeros una experiencia inolvidable en una de las ciudades costeras m\u00e1s vibrantes de China.<\/span><\/p>\t\t\t\t\t\t\t\t<\/div>\n\t\t\t\t\t<\/div>\n\t\t<\/div>\n\t\t\t\t<div class=\"elementor-column elementor-col-50 elementor-top-column elementor-element elementor-element-30f14127\" data-id=\"30f14127\" data-element_type=\"column\" data-e-type=\"column\">\n\t\t\t<div class=\"elementor-widget-wrap elementor-element-populated\">\n\t\t\t\t\t\t<div class=\"elementor-element elementor-element-e3f2d11 elementor-widget elementor-widget-image\" data-id=\"e3f2d11\" data-element_type=\"widget\" data-e-type=\"widget\" data-widget_type=\"image.default\">\n\t\t\t\t\t\t\t\t\t\t\t\t\t\t\t<img fetchpriority=\"high\" decoding=\"async\" width=\"1024\" height=\"682\" src=\"https:\/\/xiangzhou-huafa.intercityhotelzhuhai.com\/wp-content\/uploads\/2026\/03\/IntercityHotel-Zhuhai-Xiangzhou-Huafa-Shopping-Mall-37-1024x682.webp\" class=\"attachment-large size-large wp-image-5628\" alt=\"\" srcset=\"https:\/\/xiangzhou-huafa.intercityhotelzhuhai.com\/wp-content\/uploads\/2026\/03\/IntercityHotel-Zhuhai-Xiangzhou-Huafa-Shopping-Mall-37-1024x682.webp 1024w, https:\/\/xiangzhou-huafa.intercityhotelzhuhai.com\/wp-content\/uploads\/2026\/03\/IntercityHotel-Zhuhai-Xiangzhou-Huafa-Shopping-Mall-37-300x200.webp 300w, https:\/\/xiangzhou-huafa.intercityhotelzhuhai.com\/wp-content\/uploads\/2026\/03\/IntercityHotel-Zhuhai-Xiangzhou-Huafa-Shopping-Mall-37-768x512.webp 768w, https:\/\/xiangzhou-huafa.intercityhotelzhuhai.com\/wp-content\/uploads\/2026\/03\/IntercityHotel-Zhuhai-Xiangzhou-Huafa-Shopping-Mall-37.webp 1280w\" sizes=\"(max-width: 1024px) 100vw, 1024px\" \/>\t\t\t\t\t\t\t\t\t\t\t\t\t\t\t<\/div>\n\t\t\t\t\t<\/div>\n\t\t<\/div>\n\t\t\t\t\t<\/div>\n\t\t<\/section>\n\t\t\t\t<section class=\"elementor-section elementor-top-section elementor-element elementor-element-29fb8578 elementor-section-height-min-height elementor-section-stretched elementor-section-full_width elementor-section-items-stretch elementor-section-height-default elementor-section-column-vertical-align-stretch\" data-id=\"29fb8578\" data-element_type=\"section\" data-e-type=\"section\" data-settings=\"{&quot;stretch_section&quot;:&quot;section-stretched&quot;}\">\n\t\t\t\t\t\t<div class=\"elementor-container elementor-column-gap-no\">\n\t\t\t\t\t<div class=\"elementor-column elementor-col-50 elementor-top-column elementor-element elementor-element-40ac270b\" data-id=\"40ac270b\" data-element_type=\"column\" data-e-type=\"column\">\n\t\t\t<div class=\"elementor-widget-wrap elementor-element-populated\">\n\t\t\t\t\t\t<div class=\"elementor-element elementor-element-20872773 elementor-widget__width-initial elementor-widget-mobile__width-inherit elementor-invisible nuss-elementor-loading nuss-slide-in-right elementor-widget elementor-widget-image\" data-id=\"20872773\" data-element_type=\"widget\" data-e-type=\"widget\" data-settings=\"{&quot;_animation&quot;:&quot;nussSlideInRight&quot;}\" data-widget_type=\"image.default\">\n\t\t\t\t\t\t\t\t\t\t\t\t\t\t\t<img decoding=\"async\" width=\"1280\" height=\"853\" src=\"https:\/\/xiangzhou-huafa.intercityhotelzhuhai.com\/wp-content\/uploads\/2026\/03\/IntercityHotel-Zhuhai-Xiangzhou-Huafa-Shopping-Mall-1.webp\" class=\"attachment-full size-full wp-image-5592\" alt=\"\" srcset=\"https:\/\/xiangzhou-huafa.intercityhotelzhuhai.com\/wp-content\/uploads\/2026\/03\/IntercityHotel-Zhuhai-Xiangzhou-Huafa-Shopping-Mall-1.webp 1280w, https:\/\/xiangzhou-huafa.intercityhotelzhuhai.com\/wp-content\/uploads\/2026\/03\/IntercityHotel-Zhuhai-Xiangzhou-Huafa-Shopping-Mall-1-300x200.webp 300w, https:\/\/xiangzhou-huafa.intercityhotelzhuhai.com\/wp-content\/uploads\/2026\/03\/IntercityHotel-Zhuhai-Xiangzhou-Huafa-Shopping-Mall-1-1024x682.webp 1024w, https:\/\/xiangzhou-huafa.intercityhotelzhuhai.com\/wp-content\/uploads\/2026\/03\/IntercityHotel-Zhuhai-Xiangzhou-Huafa-Shopping-Mall-1-768x512.webp 768w\" sizes=\"(max-width: 1280px) 100vw, 1280px\" \/>\t\t\t\t\t\t\t\t\t\t\t\t\t\t\t<\/div>\n\t\t\t\t\t<\/div>\n\t\t<\/div>\n\t\t\t\t<div class=\"elementor-column elementor-col-50 elementor-top-column elementor-element elementor-element-2dac103\" data-id=\"2dac103\" data-element_type=\"column\" data-e-type=\"column\">\n\t\t\t<div class=\"elementor-widget-wrap elementor-element-populated\">\n\t\t\t\t\t\t<div class=\"elementor-element elementor-element-6f1b8966 elementor-invisible elementor-widget elementor-widget-text-editor\" data-id=\"6f1b8966\" data-element_type=\"widget\" data-e-type=\"widget\" data-settings=\"{&quot;_animation&quot;:&quot;nussFadeInUp&quot;}\" data-widget_type=\"text-editor.default\">\n\t\t\t\t\t\t\t\t\t<h2 class=\"qwen-markdown-heading\"><span class=\"qwen-markdown-text\">Excelente ubicaci\u00f3n en el distrito de Xiangzhou.<\/span><\/h2><div class=\"qwen-markdown-paragraph\"><span class=\"qwen-markdown-text\" data-spm-anchor-id=\"a2ty_o01.29997173.0.i103.694f5171ZgAGrV\">Situado en el vibrante coraz\u00f3n del distrito de Xiangzhou, nuestro hotel ofrece un acceso inmejorable a los principales destinos de compras, gastronom\u00eda y entretenimiento de Zhuhai. El centro comercial Huafa, contiguo al hotel, ofrece un sinf\u00edn de opciones para ir de compras, mientras que el barrio circundante cuenta con aut\u00e9ntica cocina cantonesa, cafeter\u00edas de moda y atracciones culturales. Los viajeros de negocios aprecian la cercan\u00eda a los centros comerciales, mientras que los hu\u00e9spedes que viajan por placer disfrutan de un f\u00e1cil acceso a las famosas playas de Zhuhai, los parques tem\u00e1ticos y el emblem\u00e1tico paso fronterizo de Macao, a tan solo unos minutos.<\/span><\/div>\t\t\t\t\t\t\t\t<\/div>\n\t\t\t\t\t<\/div>\n\t\t<\/div>\n\t\t\t\t\t<\/div>\n\t\t<\/section>\n\t\t\t\t<section class=\"elementor-section elementor-top-section elementor-element elementor-element-e0aff4b elementor-section-height-min-height elementor-section-stretched elementor-section-full_width elementor-section-items-stretch elementor-section-height-default elementor-section-column-vertical-align-stretch\" data-id=\"e0aff4b\" data-element_type=\"section\" data-e-type=\"section\" data-settings=\"{&quot;stretch_section&quot;:&quot;section-stretched&quot;}\">\n\t\t\t\t\t\t<div class=\"elementor-container elementor-column-gap-no\">\n\t\t\t\t\t<div class=\"elementor-column elementor-col-50 elementor-top-column elementor-element elementor-element-f58d768\" data-id=\"f58d768\" data-element_type=\"column\" data-e-type=\"column\">\n\t\t\t<div class=\"elementor-widget-wrap elementor-element-populated\">\n\t\t\t\t\t\t<div class=\"elementor-element elementor-element-0a33e14 elementor-invisible elementor-widget elementor-widget-text-editor\" data-id=\"0a33e14\" data-element_type=\"widget\" data-e-type=\"widget\" data-settings=\"{&quot;_animation&quot;:&quot;nussFadeInUp&quot;}\" data-widget_type=\"text-editor.default\">\n\t\t\t\t\t\t\t\t\t<h2 class=\"qwen-markdown-heading\"><span class=\"qwen-markdown-text\">Alojamientos modernos dise\u00f1ados para el confort.<\/span><\/h2><div class=\"qwen-markdown-paragraph\"><span class=\"qwen-markdown-text\" data-spm-anchor-id=\"a2ty_o01.29997173.0.i105.694f5171ZgAGrV\">Cada habitaci\u00f3n, cuidadosamente decorada, cuenta con ventanales que ofrecen impresionantes vistas de la ciudad, ropa de cama de primera calidad para un descanso reparador y comodidades inteligentes como puertos de carga USB y cortinas ajustables junto a la cama. Nuestra filosof\u00eda de dise\u00f1o minimalista y elegante garantiza que cada espacio combine estilo y funcionalidad. El wifi de alta velocidad, el aislamiento ac\u00fastico, el aire acondicionado y los espacios de trabajo flexibles satisfacen tanto las necesidades de negocios como las de ocio, mientras que algunas habitaciones incluyen minineveras para mayor comodidad.<\/span><\/div>\t\t\t\t\t\t\t\t<\/div>\n\t\t\t\t\t<\/div>\n\t\t<\/div>\n\t\t\t\t<div class=\"elementor-column elementor-col-50 elementor-top-column elementor-element elementor-element-0020c48\" data-id=\"0020c48\" data-element_type=\"column\" data-e-type=\"column\">\n\t\t\t<div class=\"elementor-widget-wrap elementor-element-populated\">\n\t\t\t\t\t\t<div class=\"elementor-element elementor-element-c0e9526 elementor-widget__width-initial elementor-widget-mobile__width-inherit elementor-invisible nuss-elementor-loading nuss-slide-in-right elementor-widget elementor-widget-image\" data-id=\"c0e9526\" data-element_type=\"widget\" data-e-type=\"widget\" data-settings=\"{&quot;_animation&quot;:&quot;nussSlideInRight&quot;}\" data-widget_type=\"image.default\">\n\t\t\t\t\t\t\t\t\t\t\t\t\t\t\t<img decoding=\"async\" width=\"1280\" height=\"853\" src=\"https:\/\/xiangzhou-huafa.intercityhotelzhuhai.com\/wp-content\/uploads\/2026\/03\/IntercityHotel-Zhuhai-Xiangzhou-Huafa-Shopping-Mall-1.webp\" class=\"attachment-full size-full wp-image-5592\" alt=\"\" srcset=\"https:\/\/xiangzhou-huafa.intercityhotelzhuhai.com\/wp-content\/uploads\/2026\/03\/IntercityHotel-Zhuhai-Xiangzhou-Huafa-Shopping-Mall-1.webp 1280w, https:\/\/xiangzhou-huafa.intercityhotelzhuhai.com\/wp-content\/uploads\/2026\/03\/IntercityHotel-Zhuhai-Xiangzhou-Huafa-Shopping-Mall-1-300x200.webp 300w, https:\/\/xiangzhou-huafa.intercityhotelzhuhai.com\/wp-content\/uploads\/2026\/03\/IntercityHotel-Zhuhai-Xiangzhou-Huafa-Shopping-Mall-1-1024x682.webp 1024w, https:\/\/xiangzhou-huafa.intercityhotelzhuhai.com\/wp-content\/uploads\/2026\/03\/IntercityHotel-Zhuhai-Xiangzhou-Huafa-Shopping-Mall-1-768x512.webp 768w\" sizes=\"(max-width: 1280px) 100vw, 1280px\" \/>\t\t\t\t\t\t\t\t\t\t\t\t\t\t\t<\/div>\n\t\t\t\t\t<\/div>\n\t\t<\/div>\n\t\t\t\t\t<\/div>\n\t\t<\/section>\n\t\t\t\t<section class=\"elementor-section elementor-top-section elementor-element elementor-element-67b412c elementor-section-height-min-height elementor-section-stretched elementor-section-full_width elementor-section-items-stretch elementor-section-height-default elementor-section-column-vertical-align-stretch\" data-id=\"67b412c\" data-element_type=\"section\" data-e-type=\"section\" data-settings=\"{&quot;stretch_section&quot;:&quot;section-stretched&quot;}\">\n\t\t\t\t\t\t<div class=\"elementor-container elementor-column-gap-no\">\n\t\t\t\t\t<div class=\"elementor-column elementor-col-50 elementor-top-column elementor-element elementor-element-5603d1b\" data-id=\"5603d1b\" data-element_type=\"column\" data-e-type=\"column\">\n\t\t\t<div class=\"elementor-widget-wrap elementor-element-populated\">\n\t\t\t\t\t\t<div class=\"elementor-element elementor-element-8d53fce elementor-widget__width-initial elementor-widget-mobile__width-inherit elementor-invisible nuss-elementor-loading nuss-slide-in-right elementor-widget elementor-widget-image\" data-id=\"8d53fce\" data-element_type=\"widget\" data-e-type=\"widget\" data-settings=\"{&quot;_animation&quot;:&quot;nussSlideInRight&quot;}\" data-widget_type=\"image.default\">\n\t\t\t\t\t\t\t\t\t\t\t\t\t\t\t<img decoding=\"async\" width=\"1280\" height=\"853\" src=\"https:\/\/xiangzhou-huafa.intercityhotelzhuhai.com\/wp-content\/uploads\/2026\/03\/IntercityHotel-Zhuhai-Xiangzhou-Huafa-Shopping-Mall-29.webp\" class=\"attachment-full size-full wp-image-5620\" alt=\"\" srcset=\"https:\/\/xiangzhou-huafa.intercityhotelzhuhai.com\/wp-content\/uploads\/2026\/03\/IntercityHotel-Zhuhai-Xiangzhou-Huafa-Shopping-Mall-29.webp 1280w, https:\/\/xiangzhou-huafa.intercityhotelzhuhai.com\/wp-content\/uploads\/2026\/03\/IntercityHotel-Zhuhai-Xiangzhou-Huafa-Shopping-Mall-29-300x200.webp 300w, https:\/\/xiangzhou-huafa.intercityhotelzhuhai.com\/wp-content\/uploads\/2026\/03\/IntercityHotel-Zhuhai-Xiangzhou-Huafa-Shopping-Mall-29-1024x682.webp 1024w, https:\/\/xiangzhou-huafa.intercityhotelzhuhai.com\/wp-content\/uploads\/2026\/03\/IntercityHotel-Zhuhai-Xiangzhou-Huafa-Shopping-Mall-29-768x512.webp 768w\" sizes=\"(max-width: 1280px) 100vw, 1280px\" \/>\t\t\t\t\t\t\t\t\t\t\t\t\t\t\t<\/div>\n\t\t\t\t\t<\/div>\n\t\t<\/div>\n\t\t\t\t<div class=\"elementor-column elementor-col-50 elementor-top-column elementor-element elementor-element-5347106\" data-id=\"5347106\" data-element_type=\"column\" data-e-type=\"column\">\n\t\t\t<div class=\"elementor-widget-wrap elementor-element-populated\">\n\t\t\t\t\t\t<div class=\"elementor-element elementor-element-56f26b2 elementor-invisible elementor-widget elementor-widget-text-editor\" data-id=\"56f26b2\" data-element_type=\"widget\" data-e-type=\"widget\" data-settings=\"{&quot;_animation&quot;:&quot;nussFadeInUp&quot;}\" data-widget_type=\"text-editor.default\">\n\t\t\t\t\t\t\t\t\t<h2 class=\"qwen-markdown-heading\"><span class=\"qwen-markdown-text\">Servicios y comodidades excepcionales<\/span><\/h2><div class=\"qwen-markdown-paragraph\" data-spm-anchor-id=\"a2ty_o01.29997173.0.i107.694f5171ZgAGrV\"><span class=\"qwen-markdown-text\" data-spm-anchor-id=\"a2ty_o01.29997173.0.i106.694f5171ZgAGrV\">Disfrute de una hospitalidad impecable con nuestra recepci\u00f3n 24 horas, servicio de registro de entrada y salida expr\u00e9s e internet de alta velocidad gratuito en todo el establecimiento. El hotel cuenta con un moderno gimnasio para viajeros que cuidan su salud, lavander\u00eda de autoservicio y espacios vers\u00e1tiles para reuniones de negocios. Adem\u00e1s, ofrecemos consigna de equipaje segura, servicio profesional de ni\u00f1era y aparcamiento en las instalaciones.<\/span><\/div>\t\t\t\t\t\t\t\t<\/div>\n\t\t\t\t\t<\/div>\n\t\t<\/div>\n\t\t\t\t\t<\/div>\n\t\t<\/section>\n\t\t\t\t<section class=\"elementor-section elementor-top-section elementor-element elementor-element-87b4e84 elementor-section-height-min-height elementor-section-stretched elementor-section-full_width elementor-section-items-stretch elementor-section-height-default elementor-section-column-vertical-align-stretch\" data-id=\"87b4e84\" data-element_type=\"section\" data-e-type=\"section\" data-settings=\"{&quot;stretch_section&quot;:&quot;section-stretched&quot;}\">\n\t\t\t\t\t\t<div class=\"elementor-container elementor-column-gap-no\">\n\t\t\t\t\t<div class=\"elementor-column elementor-col-50 elementor-top-column elementor-element elementor-element-2e80449\" data-id=\"2e80449\" data-element_type=\"column\" data-e-type=\"column\">\n\t\t\t<div class=\"elementor-widget-wrap elementor-element-populated\">\n\t\t\t\t\t\t<div class=\"elementor-element elementor-element-d5ffe09 elementor-invisible elementor-widget elementor-widget-text-editor\" data-id=\"d5ffe09\" data-element_type=\"widget\" data-e-type=\"widget\" data-settings=\"{&quot;_animation&quot;:&quot;nussFadeInUp&quot;}\" data-widget_type=\"text-editor.default\">\n\t\t\t\t\t\t\t\t\t<h2 class=\"qwen-markdown-heading\"><span class=\"qwen-markdown-text\" data-spm-anchor-id=\"a2ty_o01.29997173.0.i108.694f5171ZgAGrV\">Delicias culinarias y opciones gastron\u00f3micas<\/span><\/h2><div class=\"qwen-markdown-paragraph\"><span class=\"qwen-markdown-text\">Comience cada ma\u00f1ana con nuestro extenso desayuno buffet que incluye aut\u00e9nticas especialidades cantonesas y platos internacionales. Nuestro restaurante sirve platos frescos elaborados con ingredientes locales en un ambiente relajado, ideal para almuerzos de negocios o cenas informales. El caf\u00e9 y las bebidas de cortes\u00eda en el vest\u00edbulo le dar\u00e1n la bienvenida, mientras que el cercano centro comercial Huafa Mall ofrece innumerables opciones gastron\u00f3micas a pocos pasos de su puerta.<\/span><\/div>\t\t\t\t\t\t\t\t<\/div>\n\t\t\t\t\t<\/div>\n\t\t<\/div>\n\t\t\t\t<div class=\"elementor-column elementor-col-50 elementor-top-column elementor-element elementor-element-ae00877\" data-id=\"ae00877\" data-element_type=\"column\" data-e-type=\"column\">\n\t\t\t<div class=\"elementor-widget-wrap elementor-element-populated\">\n\t\t\t\t\t\t<div class=\"elementor-element elementor-element-9fac2da elementor-widget__width-initial elementor-widget-mobile__width-inherit elementor-invisible nuss-elementor-loading nuss-slide-in-right elementor-widget elementor-widget-image\" data-id=\"9fac2da\" data-element_type=\"widget\" data-e-type=\"widget\" data-settings=\"{&quot;_animation&quot;:&quot;nussSlideInRight&quot;}\" data-widget_type=\"image.default\">\n\t\t\t\t\t\t\t\t\t\t\t\t\t\t\t<img loading=\"lazy\" decoding=\"async\" width=\"1280\" height=\"853\" src=\"https:\/\/xiangzhou-huafa.intercityhotelzhuhai.com\/wp-content\/uploads\/2026\/03\/IntercityHotel-Zhuhai-Xiangzhou-Huafa-Shopping-Mall-10.webp\" class=\"attachment-full size-full wp-image-5601\" alt=\"\" srcset=\"https:\/\/xiangzhou-huafa.intercityhotelzhuhai.com\/wp-content\/uploads\/2026\/03\/IntercityHotel-Zhuhai-Xiangzhou-Huafa-Shopping-Mall-10.webp 1280w, https:\/\/xiangzhou-huafa.intercityhotelzhuhai.com\/wp-content\/uploads\/2026\/03\/IntercityHotel-Zhuhai-Xiangzhou-Huafa-Shopping-Mall-10-300x200.webp 300w, https:\/\/xiangzhou-huafa.intercityhotelzhuhai.com\/wp-content\/uploads\/2026\/03\/IntercityHotel-Zhuhai-Xiangzhou-Huafa-Shopping-Mall-10-1024x682.webp 1024w, https:\/\/xiangzhou-huafa.intercityhotelzhuhai.com\/wp-content\/uploads\/2026\/03\/IntercityHotel-Zhuhai-Xiangzhou-Huafa-Shopping-Mall-10-768x512.webp 768w\" sizes=\"(max-width: 1280px) 100vw, 1280px\" \/>\t\t\t\t\t\t\t\t\t\t\t\t\t\t\t<\/div>\n\t\t\t\t\t<\/div>\n\t\t<\/div>\n\t\t\t\t\t<\/div>\n\t\t<\/section>\n\t\t<div class=\"elementor-element elementor-element-fb7b7b3 e-flex e-con-boxed e-con e-parent\" data-id=\"fb7b7b3\" data-element_type=\"container\" data-e-type=\"container\">\n\t\t\t\t\t<div class=\"e-con-inner\">\n\t\t\t\t<div class=\"elementor-element elementor-element-e32e5c2 elementor-widget elementor-widget-text-editor\" data-id=\"e32e5c2\" data-element_type=\"widget\" data-e-type=\"widget\" data-widget_type=\"text-editor.default\">\n\t\t\t\t\t\t\t\t\t<h2 class=\"qwen-markdown-heading\"><span class=\"qwen-markdown-text\" data-spm-anchor-id=\"a2ty_o01.29997173.0.i110.694f5171ZgAGrV\">\u00bfPor qu\u00e9 elegir el IntercityHotel Zhuhai Xiangzhou?<\/span><\/h2><div class=\"qwen-markdown-paragraph\"><span class=\"qwen-markdown-text\" data-spm-anchor-id=\"a2ty_o01.29997173.0.i109.694f5171ZgAGrV\">Ya sea que visite Zhuhai por conferencias de negocios, vacaciones familiares o escapadas de fin de semana, el IntercityHotel Zhuhai Xiangzhou Huafa Shopping Mall le ofrece calidad constante, un servicio atento y una ubicaci\u00f3n inmejorable. Nuestro compromiso con la hospitalidad centrada en la eficiencia garantiza que cada hu\u00e9sped disfrute de una estancia personalizada y revitalizante en esta din\u00e1mica ciudad costera. Reserve su estad\u00eda hoy mismo y experimente la combinaci\u00f3n perfecta de comodidad urbana y confort contempor\u00e1neo que define la marca IntercityHotel.<\/span><\/div>\t\t\t\t\t\t\t\t<\/div>\n\t\t\t\t\t<\/div>\n\t\t\t\t<\/div>\n\t\t\t\t<\/div>","protected":false},"excerpt":{"rendered":"<p>IntercityHotel Zhuhai Xiangzhou Huafa Shopping Mall: Your Premier Urban Retreat in the Heart of Zhuhai Discover modern comfort and exceptional convenience at IntercityHotel Zhuhai Xiangzhou Huafa Shopping Mall, strategically located at Building 21, Xiangzhou Chuanggang Center, No. 1 Chuangfa Road, Xiangzhou District, Zhuhai, Guangdong, China. This contemporary hotel perfectly blends German-inspired hospitality with local charm, [&hellip;]<\/p>\n","protected":false},"author":1,"featured_media":0,"parent":0,"menu_order":0,"comment_status":"closed","ping_status":"closed","template":"","meta":{"footnotes":""},"class_list":["post-5266","page","type-page","status-publish","hentry","post-no-thumbnail"],"_links":{"self":[{"href":"https:\/\/xiangzhou-huafa.intercityhotelzhuhai.com\/es\/wp-json\/wp\/v2\/pages\/5266","targetHints":{"allow":["GET"]}}],"collection":[{"href":"https:\/\/xiangzhou-huafa.intercityhotelzhuhai.com\/es\/wp-json\/wp\/v2\/pages"}],"about":[{"href":"https:\/\/xiangzhou-huafa.intercityhotelzhuhai.com\/es\/wp-json\/wp\/v2\/types\/page"}],"author":[{"embeddable":true,"href":"https:\/\/xiangzhou-huafa.intercityhotelzhuhai.com\/es\/wp-json\/wp\/v2\/users\/1"}],"replies":[{"embeddable":true,"href":"https:\/\/xiangzhou-huafa.intercityhotelzhuhai.com\/es\/wp-json\/wp\/v2\/comments?post=5266"}],"version-history":[{"count":0,"href":"https:\/\/xiangzhou-huafa.intercityhotelzhuhai.com\/es\/wp-json\/wp\/v2\/pages\/5266\/revisions"}],"wp:attachment":[{"href":"https:\/\/xiangzhou-huafa.intercityhotelzhuhai.com\/es\/wp-json\/wp\/v2\/media?parent=5266"}],"curies":[{"name":"wp","href":"https:\/\/api.w.org\/{rel}","templated":true}]}}