{"id":2109,"date":"2021-03-26T08:35:58","date_gmt":"2021-03-26T08:35:58","guid":{"rendered":"http:\/\/localhost\/nuss\/?page_id=536"},"modified":"2026-03-17T13:47:35","modified_gmt":"2026-03-17T13:47:35","slug":"geschaftseinrichtungen","status":"publish","type":"page","link":"https:\/\/xiangzhou-huafa.intercityhotelzhuhai.com\/de\/business-facilities\/","title":{"rendered":"Gesch\u00e4ftseinrichtungen"},"content":{"rendered":"<div data-elementor-type=\"wp-page\" data-elementor-id=\"2109\" class=\"elementor elementor-2109\">\n\t\t\t\t\t\t<section class=\"elementor-section elementor-top-section elementor-element elementor-element-bb2901b elementor-section-boxed elementor-section-gap-beside-yes elementor-section-height-default elementor-section-height-default elementor-section-column-vertical-align-stretch\" data-id=\"bb2901b\" data-element_type=\"section\" data-e-type=\"section\">\n\t\t\t\t\t\t<div class=\"elementor-container elementor-column-gap-extended\">\n\t\t\t\t\t<div class=\"elementor-column elementor-col-100 elementor-top-column elementor-element elementor-element-1919db9\" data-id=\"1919db9\" data-element_type=\"column\" data-e-type=\"column\">\n\t\t\t<div class=\"elementor-widget-wrap elementor-element-populated\">\n\t\t\t\t\t\t<div class=\"elementor-element elementor-element-41a7b9c elementor-widget__width-initial elementor-invisible elementor-widget elementor-widget-text-editor\" data-id=\"41a7b9c\" data-element_type=\"widget\" data-e-type=\"widget\" data-settings=\"{&quot;_animation&quot;:&quot;nussFadeInUp&quot;}\" data-widget_type=\"text-editor.default\">\n\t\t\t\t\t\t\t\t\tErstklassige Gesch\u00e4ftseinrichtungen im IntercityHotel Zhuhai Xiangzhou Huafa Einkaufszentrum\t\t\t\t\t\t\t\t<\/div>\n\t\t\t\t\t<\/div>\n\t\t<\/div>\n\t\t\t\t\t<\/div>\n\t\t<\/section>\n\t\t<div class=\"elementor-element elementor-element-6a2590d e-flex e-con-boxed e-con e-parent\" data-id=\"6a2590d\" data-element_type=\"container\" data-e-type=\"container\">\n\t\t\t\t\t<div class=\"e-con-inner\">\n\t\t\t\t<div class=\"elementor-element elementor-element-4782eea elementor-widget elementor-widget-nuss-image-gallery\" data-id=\"4782eea\" data-element_type=\"widget\" data-e-type=\"widget\" data-widget_type=\"nuss-image-gallery.default\">\n\t\t\t\t<div class=\"elementor-widget-container\">\n\t\t\t\t\t\t\t<div class=\"nuss-grid-wrapper\" data-grid=\"{&quot;type&quot;:&quot;grid&quot;,&quot;ratio&quot;:null,&quot;columns&quot;:3,&quot;gutter&quot;:30}\">\r\n\t\t\t<div class=\"nuss-grid lazy-grid\">\r\n\t\t\t\t<div class=\"grid-sizer\"><\/div>\r\n\r\n\t\t\t\t\t\t\t\t\t\t\t\t<div class=\"grid-item\">\r\n\t\t\t\t\t\t<div class=\"nuss-box\">\t\t<div class=\"nuss-image image\">\r\n\t\t\t<img decoding=\"async\"  src=\"https:\/\/xiangzhou-huafa.intercityhotelzhuhai.com\/wp-content\/uploads\/2026\/03\/IntercityHotel-Zhuhai-Xiangzhou-Huafa-Shopping-Mall-35.webp\" alt=\"IntercityHotel Zhuhai Xiangzhou Huafa Einkaufszentrum (35)\" \/>\t\t<\/div>\r\n\t\t\t\t<\/div>\t\t\t\t\t<\/div>\r\n\t\t\t\t\t\t<div class=\"grid-item\">\r\n\t\t\t\t\t\t<div class=\"nuss-box\">\t\t<div class=\"nuss-image image\">\r\n\t\t\t<img decoding=\"async\"  src=\"https:\/\/xiangzhou-huafa.intercityhotelzhuhai.com\/wp-content\/uploads\/2026\/03\/IntercityHotel-Zhuhai-Xiangzhou-Huafa-Shopping-Mall-32.webp\" alt=\"IntercityHotel Zhuhai Xiangzhou Huafa Einkaufszentrum (32)\" \/>\t\t<\/div>\r\n\t\t\t\t<\/div>\t\t\t\t\t<\/div>\r\n\t\t\t\t\t\t<div class=\"grid-item\">\r\n\t\t\t\t\t\t<div class=\"nuss-box\">\t\t<div class=\"nuss-image image\">\r\n\t\t\t<img decoding=\"async\"  src=\"https:\/\/xiangzhou-huafa.intercityhotelzhuhai.com\/wp-content\/uploads\/2026\/03\/IntercityHotel-Zhuhai-Xiangzhou-Huafa-Shopping-Mall-30.webp\" alt=\"IntercityHotel Zhuhai Xiangzhou Huafa Einkaufszentrum (30)\" \/>\t\t<\/div>\r\n\t\t\t\t<\/div>\t\t\t\t\t<\/div>\r\n\t\t\t\t\t\t<div class=\"grid-item\">\r\n\t\t\t\t\t\t<div class=\"nuss-box\">\t\t<div class=\"nuss-image image\">\r\n\t\t\t<img decoding=\"async\"  src=\"https:\/\/xiangzhou-huafa.intercityhotelzhuhai.com\/wp-content\/uploads\/2026\/03\/IntercityHotel-Zhuhai-Xiangzhou-Huafa-Shopping-Mall-23.webp\" alt=\"IntercityHotel Zhuhai Xiangzhou Huafa Einkaufszentrum (23)\" \/>\t\t<\/div>\r\n\t\t\t\t<\/div>\t\t\t\t\t<\/div>\r\n\t\t\t\t\t\t<div class=\"grid-item\">\r\n\t\t\t\t\t\t<div class=\"nuss-box\">\t\t<div class=\"nuss-image image\">\r\n\t\t\t<img decoding=\"async\"  src=\"https:\/\/xiangzhou-huafa.intercityhotelzhuhai.com\/wp-content\/uploads\/2026\/03\/IntercityHotel-Zhuhai-Xiangzhou-Huafa-Shopping-Mall-31.webp\" alt=\"IntercityHotel Zhuhai Xiangzhou Huafa Einkaufszentrum (31)\" \/>\t\t<\/div>\r\n\t\t\t\t<\/div>\t\t\t\t\t<\/div>\r\n\t\t\t\t\t\t<div class=\"grid-item\">\r\n\t\t\t\t\t\t<div class=\"nuss-box\">\t\t<div class=\"nuss-image image\">\r\n\t\t\t<img decoding=\"async\"  src=\"https:\/\/xiangzhou-huafa.intercityhotelzhuhai.com\/wp-content\/uploads\/2026\/03\/IntercityHotel-Zhuhai-Xiangzhou-Huafa-Shopping-Mall-26.webp\" alt=\"IntercityHotel Zhuhai Xiangzhou Huafa Einkaufszentrum (26)\" \/>\t\t<\/div>\r\n\t\t\t\t<\/div>\t\t\t\t\t<\/div>\r\n\t\t\t\t\t\t<div class=\"grid-item\">\r\n\t\t\t\t\t\t<div class=\"nuss-box\">\t\t<div class=\"nuss-image image\">\r\n\t\t\t<img decoding=\"async\"  src=\"https:\/\/xiangzhou-huafa.intercityhotelzhuhai.com\/wp-content\/uploads\/2026\/03\/IntercityHotel-Zhuhai-Xiangzhou-Huafa-Shopping-Mall-54.webp\" alt=\"IntercityHotel Zhuhai Xiangzhou Huafa Einkaufszentrum (54)\" \/>\t\t<\/div>\r\n\t\t\t\t<\/div>\t\t\t\t\t<\/div>\r\n\t\t\t\t\t\t<div class=\"grid-item\">\r\n\t\t\t\t\t\t<div class=\"nuss-box\">\t\t<div class=\"nuss-image image\">\r\n\t\t\t<img decoding=\"async\"  src=\"https:\/\/xiangzhou-huafa.intercityhotelzhuhai.com\/wp-content\/uploads\/2026\/03\/IntercityHotel-Zhuhai-Xiangzhou-Huafa-Shopping-Mall-48.webp\" alt=\"IntercityHotel Zhuhai Xiangzhou Huafa Einkaufszentrum (48)\" \/>\t\t<\/div>\r\n\t\t\t\t<\/div>\t\t\t\t\t<\/div>\r\n\t\t\t\t\t\t<div class=\"grid-item\">\r\n\t\t\t\t\t\t<div class=\"nuss-box\">\t\t<div class=\"nuss-image image\">\r\n\t\t\t<img decoding=\"async\"  src=\"https:\/\/xiangzhou-huafa.intercityhotelzhuhai.com\/wp-content\/uploads\/2026\/03\/IntercityHotel-Zhuhai-Xiangzhou-Huafa-Shopping-Mall-67.webp\" alt=\"IntercityHotel Zhuhai Xiangzhou Huafa Einkaufszentrum (67)\" \/>\t\t<\/div>\r\n\t\t\t\t<\/div>\t\t\t\t\t<\/div>\r\n\t\t\t\t\t\t<div class=\"grid-item\">\r\n\t\t\t\t\t\t<div class=\"nuss-box\">\t\t<div class=\"nuss-image image\">\r\n\t\t\t<img decoding=\"async\"  src=\"https:\/\/xiangzhou-huafa.intercityhotelzhuhai.com\/wp-content\/uploads\/2026\/03\/IntercityHotel-Zhuhai-Xiangzhou-Huafa-Shopping-Mall-53.webp\" alt=\"IntercityHotel Zhuhai Xiangzhou Huafa Einkaufszentrum (53)\" \/>\t\t<\/div>\r\n\t\t\t\t<\/div>\t\t\t\t\t<\/div>\r\n\t\t\t\t\t\t<div class=\"grid-item\">\r\n\t\t\t\t\t\t<div class=\"nuss-box\">\t\t<div class=\"nuss-image image\">\r\n\t\t\t<img decoding=\"async\"  src=\"https:\/\/xiangzhou-huafa.intercityhotelzhuhai.com\/wp-content\/uploads\/2026\/03\/IntercityHotel-Zhuhai-Xiangzhou-Huafa-Shopping-Mall-42.webp\" alt=\"IntercityHotel Zhuhai Xiangzhou Huafa Einkaufszentrum (42)\" \/>\t\t<\/div>\r\n\t\t\t\t<\/div>\t\t\t\t\t<\/div>\r\n\t\t\t\t\t\t<div class=\"grid-item\">\r\n\t\t\t\t\t\t<div class=\"nuss-box\">\t\t<div class=\"nuss-image image\">\r\n\t\t\t<img decoding=\"async\"  src=\"https:\/\/xiangzhou-huafa.intercityhotelzhuhai.com\/wp-content\/uploads\/2026\/03\/IntercityHotel-Zhuhai-Xiangzhou-Huafa-Shopping-Mall-55.webp\" alt=\"IntercityHotel Zhuhai Xiangzhou Huafa Einkaufszentrum (55)\" \/>\t\t<\/div>\r\n\t\t\t\t<\/div>\t\t\t\t\t<\/div>\r\n\t\t\t\t\t\t\t\r\n\t\t\t<\/div>\r\n\t\t<\/div>\r\n\t\t\t\t\t\t<\/div>\n\t\t\t\t<\/div>\n\t\t\t\t\t<\/div>\n\t\t\t\t<\/div>\n\t\t<div class=\"elementor-element elementor-element-7754d09 e-flex e-con-boxed e-con e-parent\" data-id=\"7754d09\" data-element_type=\"container\" data-e-type=\"container\">\n\t\t\t\t\t<div class=\"e-con-inner\">\n\t\t\t\t<div class=\"elementor-element elementor-element-4590a3a elementor-widget elementor-widget-text-editor\" data-id=\"4590a3a\" data-element_type=\"widget\" data-e-type=\"widget\" data-widget_type=\"text-editor.default\">\n\t\t\t\t\t\t\t\t\t<h2 class=\"qwen-markdown-heading\"><span class=\"qwen-markdown-text\">Steigern Sie Ihr Firmenerlebnis in Zhuhai<\/span><\/h2><div class=\"qwen-markdown-paragraph\"><span class=\"qwen-markdown-text\">F\u00fcr den anspruchsvollen Gesch\u00e4ftsreisenden ist es unerl\u00e4sslich, das richtige Gleichgewicht zwischen Produktivit\u00e4t und Komfort zu finden. <\/span><strong class=\"qwen-markdown-strong\"><span class=\"qwen-markdown-text\">IntercityHotel Zhuhai Xiangzhou Huafa Einkaufszentrum<\/span><\/strong><span class=\"qwen-markdown-text\"> steht als Leuchtfeuer der Unternehmenseffizienz im Herzen der Provinz Guangdong. Es befindet sich in <\/span><strong class=\"qwen-markdown-strong\"><span class=\"qwen-markdown-text\">Geb\u00e4ude 21, Xiangzhou Chuanggang Center, Nr. 1 Chuangfa Road, Bezirk Xiangzhou, Zhuhai, Guangdong, China<\/span><\/strong><span class=\"qwen-markdown-text\">, Dieses Hotel wurde mit viel Liebe zum Detail auf die Bed\u00fcrfnisse moderner F\u00fchrungskr\u00e4fte, Unternehmer und Teams zugeschnitten. Durch die Kombination von deutscher Ingenieurskunst mit lokaler Gastfreundschaft bietet es ein harmonisches Umfeld, in dem Gesch\u00e4ftsziele erreicht werden k\u00f6nnen, ohne auf Entspannung zu verzichten.<\/span><\/div><div class=\"qwen-markdown-space\">\u00a0<\/div><h2 class=\"qwen-markdown-heading\"><span class=\"qwen-markdown-text\">Modernste Tagungs- und Konferenzr\u00e4ume<\/span><\/h2><div class=\"qwen-markdown-paragraph\"><span class=\"qwen-markdown-text\">F\u00fcr eine erfolgreiche Veranstaltung braucht es mehr als nur einen Raum; es bedarf eines umfassenden Unterst\u00fctzungssystems. Die Business-Einrichtungen des IntercityHotel Zhuhai Xiangzhou sind darauf ausgelegt, Zusammenarbeit und Entscheidungsfindung zu f\u00f6rdern. Das Hotel verf\u00fcgt \u00fcber vielseitige Tagungsr\u00e4ume mit modernster audiovisueller Technik, darunter hochaufl\u00f6sende Projektoren, professionelle Soundsysteme und individuell anpassbare Lichtsteuerung. Ob Sie eine vertrauliche Vorstandssitzung, eine Kundenpr\u00e4sentation oder eine strategische Planungssitzung organisieren \u2013 die flexiblen Raumaufteilungen lassen sich an verschiedene Gruppengr\u00f6\u00dfen anpassen.<\/span><\/div><div class=\"qwen-markdown-space\">\u00a0<\/div><div class=\"qwen-markdown-paragraph\"><span class=\"qwen-markdown-text\">Die Tagungsr\u00e4ume sind akustisch optimiert, um Privatsph\u00e4re zu gew\u00e4hrleisten und Ablenkungen durch das gesch\u00e4ftige Treiben der Stadt zu minimieren. Unser engagiertes Veranstaltungsteam unterst\u00fctzt Sie bei Aufbau, Catering und Technik, sodass Sie sich voll und ganz auf Ihre Agenda konzentrieren k\u00f6nnen. Dank des nat\u00fcrlichen Lichts durch die gro\u00dfen Fenster bleibt die Atmosph\u00e4re auch bei l\u00e4ngeren Sitzungen angenehm. Die N\u00e4he zum Einkaufszentrum Huafa sorgt daf\u00fcr, dass Networking-Dinner oder Kundenveranstaltungen nur wenige Schritte entfernt sind.<\/span><\/div><div class=\"qwen-markdown-space\">\u00a0<\/div><h2 class=\"qwen-markdown-heading\"><span class=\"qwen-markdown-text\">Produktivit\u00e4t und Arbeitsbereiche im Zimmer<\/span><\/h2><div class=\"qwen-markdown-paragraph\"><span class=\"qwen-markdown-text\">Da Arbeit oft \u00fcber den Konferenzraum hinausgeht, dienen die G\u00e4stezimmer im IntercityHotel Zhuhai Xiangzhou als private B\u00fcros au\u00dferhalb des B\u00fcros. Jedes Zimmer ist auf maximale Produktivit\u00e4t ausgelegt und verf\u00fcgt \u00fcber ergonomische Schreibtische, die das nat\u00fcrliche Licht optimal nutzen. Schnelles und sicheres WLAN steht im gesamten Hotel zur Verf\u00fcgung und gew\u00e4hrleistet stabile Verbindungen f\u00fcr Videokonferenzen und die \u00dcbertragung gro\u00dfer Dateien.<\/span><\/div><div class=\"qwen-markdown-space\">\u00a0<\/div><div class=\"qwen-markdown-paragraph\"><span class=\"qwen-markdown-text\">Intelligente Ausstattungsmerkmale optimieren den Arbeitsablauf, darunter mehrere USB-Ladeanschl\u00fcsse in praktischer N\u00e4he zum Bett und Arbeitsplatz, sodass keine Adapter ben\u00f6tigt werden. Schallisolierung schafft eine ruhige Oase, die konzentriertes Arbeiten oder erholsamen Schlaf trotz der urbanen Lage erm\u00f6glicht. F\u00fcr alle, die vertrauliche Dokumente aufbewahren oder sich vor einem Meeting erfrischen m\u00fcssen, bieten ausgew\u00e4hlte Zimmer Minik\u00fchlschr\u00e4nke und gro\u00dfz\u00fcgigen Stauraum \u2013 so ist an alle logistischen Bed\u00fcrfnisse gedacht.<\/span><\/div><div class=\"qwen-markdown-space\">\u00a0<\/div><h2 class=\"qwen-markdown-heading\"><span class=\"qwen-markdown-text\">Umfassende Dienstleistungen zur Unterst\u00fctzung von Unternehmen<\/span><\/h2><div class=\"qwen-markdown-paragraph\"><span class=\"qwen-markdown-text\">Effizienz ist der Grundpfeiler der Marke IntercityHotel. Die 24-Stunden-Rezeption arbeitet schnell und pr\u00e4zise und bietet Express-Check-in und -Check-out, um Wartezeiten f\u00fcr vielreisende G\u00e4ste zu minimieren. Das Businesscenter bietet Ihnen alle notwendigen administrativen Dienstleistungen wie Drucken, Scannen und Kopieren, damit Sie auch bei wichtigen Terminen keine technischen H\u00fcrden \u00fcberwinden m\u00fcssen.<\/span><\/div><div class=\"qwen-markdown-space\">\u00a0<\/div><div class=\"qwen-markdown-paragraph\"><span class=\"qwen-markdown-text\">F\u00fcr G\u00e4ste mit komplexen Reisepl\u00e4nen unterst\u00fctzt das Concierge-Team bei der Organisation von Transporten, Visafragen und der Orientierung im Gesch\u00e4ftsviertel. Dank der Lage des Hotels im Chuanggang Center befinden sich G\u00e4ste in einem erstklassigen Gesch\u00e4ftszentrum mit bequemer Anbindung an Taxis und \u00f6ffentliche Verkehrsmittel f\u00fcr Meetings in ganz Zhuhai oder Ausfl\u00fcge ins nahegelegene Macau. Die Gep\u00e4ckaufbewahrung bietet Flexibilit\u00e4t, sodass G\u00e4ste auch nach dem Check-out noch an sp\u00e4ten Meetings teilnehmen oder die Stadt erkunden k\u00f6nnen.<\/span><\/div><div class=\"qwen-markdown-space\">\u00a0<\/div><h2 class=\"qwen-markdown-heading\"><span class=\"qwen-markdown-text\">Wellness und Networking f\u00fcr Gesch\u00e4ftsreisende<\/span><\/h2><div class=\"qwen-markdown-paragraph\"><span class=\"qwen-markdown-text\">Eine erfolgreiche Gesch\u00e4ftsreise erfordert auch k\u00f6rperliches und seelisches Wohlbefinden. Das Hotel verf\u00fcgt \u00fcber ein modernes Fitnesscenter, sodass G\u00e4ste ihre Trainingsroutine unabh\u00e4ngig von ihrem Zeitplan beibehalten k\u00f6nnen. Nach einem langen Verhandlungstag bieten die hoteleigenen Restaurants ein professionelles und dennoch entspanntes Ambiente f\u00fcr informelle Gesch\u00e4ftsessen oder zum Entspannen. Das Fr\u00fchst\u00fccksbuffet bietet einen schnellen und nahrhaften Start in den Tag mit einer Auswahl, die sowohl internationale Geschm\u00e4cker als auch lokale kantonesische Vorlieben ber\u00fccksichtigt.<\/span><\/div><div class=\"qwen-markdown-space\">\u00a0<\/div><h2 class=\"qwen-markdown-heading\"><span class=\"qwen-markdown-text\">Ihr strategischer Partner im Bezirk Xiangzhou<\/span><\/h2><div class=\"qwen-markdown-paragraph\" data-spm-anchor-id=\"a2ty_o01.29997173.0.i95.694f5171ZgAGrV\"><span class=\"qwen-markdown-text\">Die Wahl der richtigen Unterkunft ist eine strategische Gesch\u00e4ftsentscheidung. <\/span><strong class=\"qwen-markdown-strong\"><span class=\"qwen-markdown-text\">Geb\u00e4ude 21, Xiangzhou Chuanggang Center, Nr. 1 Chuangfa Road, Bezirk Xiangzhou, Zhuhai, Guangdong, China<\/span><\/strong><span class=\"qwen-markdown-text\">, Das IntercityHotel Zhuhai Xiangzhou Huafa Shopping Mall bietet mehr als nur eine \u00dcbernachtungsm\u00f6glichkeit. Es stellt ein vollst\u00e4ndig integriertes Business-\u00d6kosystem bereit, das Ihre Leistungsf\u00e4higkeit steigert, Ihre Logistik optimiert und jeden Gesch\u00e4ftsbesuch produktiv gestaltet. Ob Sie eine neue Partnerschaft in der Greater Bay Area aufbauen oder regionale Gesch\u00e4fte managen \u2013 unsere Business-Einrichtungen bilden die Grundlage f\u00fcr Ihren Erfolg.<\/span><\/div>\t\t\t\t\t\t\t\t<\/div>\n\t\t\t\t\t<\/div>\n\t\t\t\t<\/div>\n\t\t\t\t<\/div>","protected":false},"excerpt":{"rendered":"<p>Premier Business Facilities at IntercityHotel Zhuhai Xiangzhou Huafa Shopping Mall Elevate Your Corporate Experience in Zhuhai For the discerning business traveler, finding the right balance between productivity and comfort is essential. The IntercityHotel Zhuhai Xiangzhou Huafa Shopping Mall stands as a beacon of corporate efficiency in the heart of Guangdong Province. Located at Building 21, [&hellip;]<\/p>\n","protected":false},"author":1,"featured_media":0,"parent":0,"menu_order":0,"comment_status":"closed","ping_status":"closed","template":"elementor_header_footer","meta":{"footnotes":""},"class_list":["post-2109","page","type-page","status-publish","hentry","post-no-thumbnail"],"_links":{"self":[{"href":"https:\/\/xiangzhou-huafa.intercityhotelzhuhai.com\/de\/wp-json\/wp\/v2\/pages\/2109","targetHints":{"allow":["GET"]}}],"collection":[{"href":"https:\/\/xiangzhou-huafa.intercityhotelzhuhai.com\/de\/wp-json\/wp\/v2\/pages"}],"about":[{"href":"https:\/\/xiangzhou-huafa.intercityhotelzhuhai.com\/de\/wp-json\/wp\/v2\/types\/page"}],"author":[{"embeddable":true,"href":"https:\/\/xiangzhou-huafa.intercityhotelzhuhai.com\/de\/wp-json\/wp\/v2\/users\/1"}],"replies":[{"embeddable":true,"href":"https:\/\/xiangzhou-huafa.intercityhotelzhuhai.com\/de\/wp-json\/wp\/v2\/comments?post=2109"}],"version-history":[{"count":0,"href":"https:\/\/xiangzhou-huafa.intercityhotelzhuhai.com\/de\/wp-json\/wp\/v2\/pages\/2109\/revisions"}],"wp:attachment":[{"href":"https:\/\/xiangzhou-huafa.intercityhotelzhuhai.com\/de\/wp-json\/wp\/v2\/media?parent=2109"}],"curies":[{"name":"wp","href":"https:\/\/api.w.org\/{rel}","templated":true}]}}