{"id":2104,"date":"2021-03-23T09:33:48","date_gmt":"2021-03-23T09:33:48","guid":{"rendered":"http:\/\/localhost\/nuss\/?page_id=167"},"modified":"2026-03-17T12:20:55","modified_gmt":"2026-03-17T12:20:55","slug":"unsere-geschichte","status":"publish","type":"page","link":"https:\/\/xiangzhou-huafa.intercityhotelzhuhai.com\/de\/our-story\/","title":{"rendered":"Unsere Geschichte"},"content":{"rendered":"<div data-elementor-type=\"wp-page\" data-elementor-id=\"2104\" class=\"elementor elementor-2104\">\n\t\t\t\t\t\t<section class=\"elementor-section elementor-top-section elementor-element elementor-element-8f5bb9d elementor-section-boxed elementor-section-gap-beside-yes elementor-section-height-default elementor-section-height-default elementor-section-column-vertical-align-stretch\" data-id=\"8f5bb9d\" data-element_type=\"section\" data-e-type=\"section\">\n\t\t\t\t\t\t<div class=\"elementor-container elementor-column-gap-extended\">\n\t\t\t\t\t<div class=\"elementor-column elementor-col-100 elementor-top-column elementor-element elementor-element-7ec4215\" data-id=\"7ec4215\" data-element_type=\"column\" data-e-type=\"column\">\n\t\t\t<div class=\"elementor-widget-wrap elementor-element-populated\">\n\t\t\t\t\t\t<div class=\"elementor-element elementor-element-edd9d03 elementor-widget__width-initial elementor-invisible elementor-widget elementor-widget-text-editor\" data-id=\"edd9d03\" data-element_type=\"widget\" data-e-type=\"widget\" data-settings=\"{&quot;_animation&quot;:&quot;nussFadeInUp&quot;}\" data-widget_type=\"text-editor.default\">\n\t\t\t\t\t\t\t\t\tUnsere Geschichte: IntercityHotel Zhuhai Xiangzhou Huafa Einkaufszentrum\t\t\t\t\t\t\t\t<\/div>\n\t\t\t\t\t<\/div>\n\t\t<\/div>\n\t\t\t\t\t<\/div>\n\t\t<\/section>\n\t\t<div class=\"elementor-element elementor-element-c1755f3 e-flex e-con-boxed e-con e-parent\" data-id=\"c1755f3\" data-element_type=\"container\" data-e-type=\"container\">\n\t\t\t\t\t<div class=\"e-con-inner\">\n\t\t\t\t<div class=\"elementor-element elementor-element-6fb947a elementor-widget elementor-widget-text-editor\" data-id=\"6fb947a\" data-element_type=\"widget\" data-e-type=\"widget\" data-widget_type=\"text-editor.default\">\n\t\t\t\t\t\t\t\t\t<h2 class=\"qwen-markdown-heading\"><span class=\"qwen-markdown-text\">Ein Verm\u00e4chtnis der Exzellenz im Herzen von Zhuhai<\/span><\/h2><div class=\"qwen-markdown-paragraph\"><span class=\"qwen-markdown-text\">Willkommen bei <\/span><strong class=\"qwen-markdown-strong\"><span class=\"qwen-markdown-text\">IntercityHotel Zhuhai Xiangzhou Huafa Einkaufszentrum<\/span><\/strong><span class=\"qwen-markdown-text\">, Hier trifft moderne Gastfreundschaft auf zeitlosen Komfort in einer der dynamischsten K\u00fcstenst\u00e4dte Chinas. Unsere Geschichte beginnt mit der Vision, mehr als nur eine Unterkunft zu schaffen \u2013 wir stellten uns einen Ort der Ruhe und Erholung vor, an dem Gesch\u00e4ftsreisende, Familien und Entdecker zur Ruhe kommen, neue Kraft tanken und sich auf das Wesentliche besinnen k\u00f6nnen.<\/span><\/div><div class=\"qwen-markdown-space\">\u00a0<\/div><div class=\"qwen-markdown-paragraph\"><span class=\"qwen-markdown-text\">Befindet sich in <\/span><strong class=\"qwen-markdown-strong\"><span class=\"qwen-markdown-text\">Geb\u00e4ude 21, Xiangzhou Chuanggang Center, Nr. 1 Chuangfa Road, Bezirk Xiangzhou, Zhuhai, Guangdong, China<\/span><\/strong><span class=\"qwen-markdown-text\">, Unser Hotel ist ein Beweis f\u00fcr durchdachtes Design, au\u00dfergew\u00f6hnlichen Service und unersch\u00fctterliches Engagement f\u00fcr die Zufriedenheit unserer G\u00e4ste.<\/span><\/div><div class=\"qwen-markdown-space\">\u00a0<\/div><h2 class=\"qwen-markdown-heading\"><span class=\"qwen-markdown-text\">Das IntercityHotel Heritage<\/span><\/h2><div class=\"qwen-markdown-paragraph\"><span class=\"qwen-markdown-text\">IntercityHotel ist eine renommierte Marke mit tiefen Wurzeln in der deutschen Gastfreundschaft. Seit Jahrzehnten steht der Name IntercityHotel in Metropolen weltweit f\u00fcr Effizienz, Zuverl\u00e4ssigkeit und modernen Komfort. Mit der \u00dcbertragung dieser Tradition nach Zhuhai haben wir die Kernprinzipien fortgef\u00fchrt, die die Marke f\u00fcr Millionen von Reisenden zu einer vertrauensw\u00fcrdigen Wahl gemacht haben: pr\u00e4ziser Service, Liebe zum Detail und die konsequente Ausrichtung auf die Bed\u00fcrfnisse unserer G\u00e4ste.<\/span><\/div><div class=\"qwen-markdown-space\">\u00a0<\/div><div class=\"qwen-markdown-paragraph\"><span class=\"qwen-markdown-text\">Unser Hotel in Zhuhai verk\u00f6rpert dieses Erbe und vereint es mit dem einzigartigen Charakter und der Kultur der San Francisco Bay Area. Wir sind \u00fcberzeugt, dass Gastfreundschaft keine Grenzen kennt, und unser Team arbeitet unerm\u00fcdlich daran, internationale Standards mit lokaler Herzlichkeit zu verbinden und so ein Erlebnis zu schaffen, das sich vertraut und gleichzeitig unverwechselbar nach Zhuhai anf\u00fchlt.<\/span><\/div><div class=\"qwen-markdown-space\">\u00a0<\/div><h2 class=\"qwen-markdown-heading\"><span class=\"qwen-markdown-text\">Warum Bezirk Xiangzhou?<\/span><\/h2><div class=\"qwen-markdown-paragraph\"><span class=\"qwen-markdown-text\">Die Wahl des Standorts f\u00fcr unser Hotel erfolgte nach sorgf\u00e4ltiger \u00dcberlegung. Der Bezirk Xiangzhou bildet das pulsierende Herz von Zhuhai \u2013 ein lebhaftes Wirtschaftszentrum, das urbane Energie und K\u00fcstencharme harmonisch vereint. Der Bezirk beherbergt florierende Gesch\u00e4ftszentren, kulturelle Sehensw\u00fcrdigkeiten, erstklassige Einkaufsm\u00f6glichkeiten und bietet eine gute Anbindung an Macau. Damit ist er der ideale Ausgangspunkt f\u00fcr Reisende, die die Region erkunden m\u00f6chten.<\/span><\/div><div class=\"qwen-markdown-space\">\u00a0<\/div><div class=\"qwen-markdown-paragraph\"><span class=\"qwen-markdown-text\">Das Chuanggang Center, in dem sich unser Hotel befindet, ist ein wegweisendes Bauprojekt, das Zhuhais Wachstum und Modernisierung symbolisiert. Mit unserer Pr\u00e4senz dort\u2026 <\/span><strong class=\"qwen-markdown-strong\"><span class=\"qwen-markdown-text\">Chuangfa-Stra\u00dfe Nr. 1<\/span><\/strong><span class=\"qwen-markdown-text\">, Wir haben uns im Zentrum des Geschehens positioniert und stellen so sicher, dass unsere G\u00e4ste nie weit von dem entfernt sind, was sie brauchen \u2013 sei es ein Gesch\u00e4ftstreffen, ein Einkaufsbummel oder ein kulinarisches Abenteuer.<\/span><\/div><div class=\"qwen-markdown-space\">\u00a0<\/div><div class=\"qwen-markdown-paragraph\"><span class=\"qwen-markdown-text\">Das angrenzende Einkaufszentrum Huafa bietet zus\u00e4tzlichen Komfort und erm\u00f6glicht G\u00e4sten den direkten Zugang zu Hunderten von Gesch\u00e4ften, Restaurants, Unterhaltungsm\u00f6glichkeiten und Dienstleistungen. Dank dieser strategischen Lage k\u00f6nnen unsere G\u00e4ste ihre Zeit in Zhuhai optimal nutzen, indem sie weniger Zeit mit Pendeln verbringen und stattdessen mehr Zeit haben, all das zu erleben, was diese bemerkenswerte Stadt zu bieten hat.<\/span><\/div><div class=\"qwen-markdown-space\">\u00a0<\/div><h2 class=\"qwen-markdown-heading\"><span class=\"qwen-markdown-text\">Unsere Vision: Urbane Gastfreundschaft neu definieren<\/span><\/h2><div class=\"qwen-markdown-paragraph\"><span class=\"qwen-markdown-text\">Seit unserer Er\u00f6ffnung verfolgen wir eine klare Vision: Wir wollen die urbane Gastfreundschaft in Zhuhai neu definieren. Wir haben erkannt, dass moderne Reisende mehr als nur ein bequemes Bett erwarten \u2013 sie suchen nahtlose Erlebnisse, intelligente Annehmlichkeiten und Services, die ihre Bed\u00fcrfnisse antizipieren, noch bevor sie entstehen.<\/span><\/div><div class=\"qwen-markdown-space\">\u00a0<\/div><div class=\"qwen-markdown-paragraph\"><span class=\"qwen-markdown-text\">Unsere Vision basiert auf drei Grundpfeilern:<\/span><\/div><div class=\"qwen-markdown-space\">\u00a0<\/div><div class=\"qwen-markdown-paragraph\"><strong class=\"qwen-markdown-strong\"><span class=\"qwen-markdown-text\">Effizienz ohne Kompromisse<\/span><\/strong><span class=\"qwen-markdown-text\"> Wir wissen, dass Zeit kostbar ist, insbesondere f\u00fcr Gesch\u00e4ftsreisende. Unser Express-Check-in und -Check-out, die 24-Stunden-Rezeption und unsere optimierten Abl\u00e4ufe sorgen daf\u00fcr, dass unsere G\u00e4ste weniger Zeit mit organisatorischen Dingen verbringen und sich stattdessen auf das Wesentliche konzentrieren k\u00f6nnen.<\/span><\/div><div class=\"qwen-markdown-space\">\u00a0<\/div><div class=\"qwen-markdown-paragraph\"><strong class=\"qwen-markdown-strong\"><span class=\"qwen-markdown-text\">Komfort, der inspiriert<\/span><\/strong><span class=\"qwen-markdown-text\"> Jedes Detail unseres Hotels, von der hochwertigen Bettw\u00e4sche bis hin zur Schalld\u00e4mmung, die unsere G\u00e4ste vor Stadtl\u00e4rm sch\u00fctzt, wurde sorgf\u00e4ltig ausgew\u00e4hlt, um eine Atmosph\u00e4re der Entspannung und Erholung zu schaffen. Wir sind \u00fcberzeugt, dass wahrer Komfort es unseren G\u00e4sten erm\u00f6glicht, H\u00f6chstleistungen zu erbringen \u2013 sei es beim erfolgreichen Gesch\u00e4ftsabschluss oder bei der Erkundung einer neuen Stadt.<\/span><\/div><div class=\"qwen-markdown-space\">\u00a0<\/div><div class=\"qwen-markdown-paragraph\"><strong class=\"qwen-markdown-strong\"><span class=\"qwen-markdown-text\">Verbindung zur Gemeinschaft<\/span><\/strong><span class=\"qwen-markdown-text\"> Wir bieten Ihnen einen R\u00fcckzugsort vom Alltag und f\u00f6rdern gleichzeitig die Verbundenheit \u2013 mit der lokalen Kultur, dem pulsierenden Viertel und den Menschen, die Zhuhai so besonders machen. Unser Team fungiert als Botschafter der Stadt und teilt Insiderwissen und Empfehlungen, damit Sie Zhuhai wie ein Einheimischer erleben k\u00f6nnen.<\/span><\/div><div class=\"qwen-markdown-space\">\u00a0<\/div><h2 class=\"qwen-markdown-heading\"><span class=\"qwen-markdown-text\">Unsere Mission: Jeder Gast, jeder Aufenthalt<\/span><\/h2><div class=\"qwen-markdown-paragraph\"><span class=\"qwen-markdown-text\">Unsere Mission ist einfach, aber tiefgr\u00fcndig: Wir m\u00f6chten, dass jeder Gast, der unser Haus betritt, unvergessliche Erinnerungen mit nach Hause nimmt. Unser Erfolg misst sich nicht an Auslastungszahlen oder Umsatzzahlen, sondern am L\u00e4cheln unserer abreisenden G\u00e4ste, an den wiederholten Buchungen unserer treuen G\u00e4ste und an den positiven Bewertungen, die echte Zufriedenheit widerspiegeln.<\/span><\/div><div class=\"qwen-markdown-space\">\u00a0<\/div><div class=\"qwen-markdown-paragraph\"><span class=\"qwen-markdown-text\">Um diese Mission zu erf\u00fcllen, konzentrieren wir uns auf Folgendes:<\/span><\/div><div class=\"qwen-markdown-space\">\u00a0<\/div><div class=\"qwen-markdown-paragraph\"><strong class=\"qwen-markdown-strong\"><span class=\"qwen-markdown-text\">Pers\u00f6nlicher Service<\/span><\/strong><span class=\"qwen-markdown-text\"> Kein Gast gleicht dem anderen, und wir wissen, dass jeder Besucher individuelle Bed\u00fcrfnisse und Vorlieben hat. Unsere Mitarbeiter sind darin geschult, aktiv zuzuh\u00f6ren, aufmerksam zu reagieren und alles zu tun, um besondere W\u00fcnsche zu erf\u00fcllen. Ob es um die Organisation von Transportmitteln, Restaurantempfehlungen oder die Vorbereitung eines Zimmers f\u00fcr eine Familie mit kleinen Kindern geht \u2013 wir sehen jede Anfrage als Chance, Ihre Erwartungen zu \u00fcbertreffen.<\/span><\/div><div class=\"qwen-markdown-space\">\u00a0<\/div><div class=\"qwen-markdown-paragraph\"><strong class=\"qwen-markdown-strong\"><span class=\"qwen-markdown-text\">Gleichbleibende Qualit\u00e4t<\/span><\/strong><span class=\"qwen-markdown-text\"> Zuverl\u00e4ssigkeit ist die Basis f\u00fcr Vertrauen. G\u00e4ste w\u00e4hlen das IntercityHotel, weil sie wissen, was sie erwartet: saubere Zimmer, bequeme Betten, zuverl\u00e4ssiges WLAN, freundliches Personal und einen reibungslosen Aufenthalt. Wir halten in allen Bereichen unseres Betriebs strenge Standards ein, um sicherzustellen, dass die Qualit\u00e4t stets gleich bleibt \u2013 unabh\u00e4ngig davon, wann und wie lange ein Gast bei uns weilt.<\/span><\/div><div class=\"qwen-markdown-space\">\u00a0<\/div><div class=\"qwen-markdown-paragraph\"><strong class=\"qwen-markdown-strong\"><span class=\"qwen-markdown-text\">Kontinuierliche Verbesserung<\/span><\/strong><span class=\"qwen-markdown-text\"> Die Hotellerie entwickelt sich st\u00e4ndig weiter, und wir entwickeln uns mit ihr. Wir holen aktiv Feedback von unseren G\u00e4sten ein, beobachten Branchentrends und investieren in Modernisierungen und Innovationen, die das G\u00e4steerlebnis verbessern. Unser Engagement f\u00fcr st\u00e4ndige Verbesserung bedeutet, dass Stammg\u00e4ste bei jedem Besuch etwas Neues und Optimiertes entdecken werden.<\/span><\/div><div class=\"qwen-markdown-space\">\u00a0<\/div><h2 class=\"qwen-markdown-heading\"><span class=\"qwen-markdown-text\">Unsere Werte: Die Prinzipien, die uns leiten<\/span><\/h2><div class=\"qwen-markdown-paragraph\"><span class=\"qwen-markdown-text\">Hinter jeder Entscheidung, die wir treffen, jeder Dienstleistung, die wir anbieten, und jeder Interaktion mit unseren G\u00e4sten stehen Kernwerte, die unser Team leiten:<\/span><\/div><div class=\"qwen-markdown-space\">\u00a0<\/div><div class=\"qwen-markdown-paragraph\"><strong class=\"qwen-markdown-strong\"><span class=\"qwen-markdown-text\">Integrit\u00e4t<\/span><\/strong><span class=\"qwen-markdown-text\"> Wir handeln in all unseren Gesch\u00e4ftsbeziehungen ehrlich und transparent. Von der Preisgestaltung bis hin zu unseren Richtlinien setzen wir auf klare Kommunikation, die Vertrauen bei unseren G\u00e4sten und Partnern schafft.<\/span><\/div><div class=\"qwen-markdown-space\">\u00a0<\/div><div class=\"qwen-markdown-paragraph\"><strong class=\"qwen-markdown-strong\"><span class=\"qwen-markdown-text\">Exzellenz<\/span><\/strong><span class=\"qwen-markdown-text\"> Gut ist uns nie gut genug. Wir streben in jedem Detail nach Exzellenz \u2013 von der Sauberkeit unserer Zimmer bis hin zur Herzlichkeit unserer G\u00e4ste. Unser Team ist stolz darauf, einen Service zu bieten, der die Branchenstandards \u00fcbertrifft.<\/span><\/div><div class=\"qwen-markdown-space\">\u00a0<\/div><div class=\"qwen-markdown-paragraph\"><strong class=\"qwen-markdown-strong\"><span class=\"qwen-markdown-text\">Respektieren<\/span><\/strong><span class=\"qwen-markdown-text\"> Wir sch\u00e4tzen die Vielfalt unserer G\u00e4ste, Teammitglieder und der Gemeinschaft. Jeder, der unser Hotel betritt, wird mit W\u00fcrde, H\u00f6flichkeit und aufrichtiger F\u00fcrsorge behandelt.<\/span><\/div><div class=\"qwen-markdown-space\">\u00a0<\/div><div class=\"qwen-markdown-paragraph\"><strong class=\"qwen-markdown-strong\"><span class=\"qwen-markdown-text\">Innovation<\/span><\/strong><span class=\"qwen-markdown-text\"> Wir begr\u00fc\u00dfen neue Ideen und Technologien, die das G\u00e4steerlebnis verbessern. Von intelligenten Zimmerausstattungen bis hin zu digitalen Check-in-Optionen suchen wir st\u00e4ndig nach M\u00f6glichkeiten, den Aufenthalt komfortabler und angenehmer zu gestalten.<\/span><\/div><div class=\"qwen-markdown-space\">\u00a0<\/div><div class=\"qwen-markdown-paragraph\"><strong class=\"qwen-markdown-strong\"><span class=\"qwen-markdown-text\">Nachhaltigkeit<\/span><\/strong><span class=\"qwen-markdown-text\"> Wir sind uns unserer Verantwortung gegen\u00fcber Umwelt und Gesellschaft bewusst. Unsere Gesch\u00e4ftst\u00e4tigkeit beinhaltet umweltfreundliche Praktiken, von energieeffizienten Systemen bis hin zu Initiativen zur Abfallvermeidung, und stellt so sicher, dass wir einen positiven Beitrag zur Zukunft von Zhuhai leisten.<\/span><\/div><div class=\"qwen-markdown-space\">\u00a0<\/div><h2 class=\"qwen-markdown-heading\"><span class=\"qwen-markdown-text\">Das Team hinter der Geschichte<\/span><\/h2><div class=\"qwen-markdown-paragraph\"><span class=\"qwen-markdown-text\">Unser Hotel ist nur so gut wie die Menschen, die es jeden Tag mit Leben f\u00fcllen. Das Team des IntercityHotel Zhuhai Xiangzhou besteht aus engagierten Fachkr\u00e4ften mit unterschiedlichen Hintergr\u00fcnden, die die gemeinsame Leidenschaft f\u00fcr Gastfreundschaft verbindet. Viele unserer Teammitglieder sind seit der Er\u00f6ffnung mit dem Hotel gewachsen und haben sich so ein tiefes Verst\u00e4ndnis unserer Abl\u00e4ufe und enge Beziehungen zu unseren Stammg\u00e4sten angeeignet.<\/span><\/div><div class=\"qwen-markdown-space\">\u00a0<\/div><div class=\"qwen-markdown-paragraph\"><span class=\"qwen-markdown-text\">Unsere Mitarbeiter durchlaufen eine umfassende Schulung, die neben fachlichen Kompetenzen auch die Kunst echter Gastfreundschaft vermittelt. Wir sind \u00fcberzeugt, dass ein herzliches L\u00e4cheln, aufmerksames Zuh\u00f6ren und proaktive Probleml\u00f6sung genauso wichtig sind wie operative Effizienz. Diese menschliche Note macht aus einem gew\u00f6hnlichen Hotelaufenthalt ein unvergessliches Erlebnis.<\/span><\/div><div class=\"qwen-markdown-space\">\u00a0<\/div><h2 class=\"qwen-markdown-heading\"><span class=\"qwen-markdown-text\">Unser Engagement f\u00fcr die Gemeinschaft<\/span><\/h2><div class=\"qwen-markdown-paragraph\"><span class=\"qwen-markdown-text\">Als Teil der Gemeinschaft im Bezirk Xiangzhou sind wir uns unserer Verantwortung bewusst, einen positiven Beitrag zu unserem Viertel und unserer Stadt zu leisten. Wir arbeiten mit lokalen Unternehmen zusammen, beziehen Produkte nach M\u00f6glichkeit von regionalen Anbietern und beteiligen uns an Gemeinschaftsinitiativen, die die Entwicklung von Zhuhai f\u00f6rdern.<\/span><\/div><div class=\"qwen-markdown-space\">\u00a0<\/div><div class=\"qwen-markdown-paragraph\"><span class=\"qwen-markdown-text\">Unsere Lage im Chuanggang Center erm\u00f6glicht es uns, aktiv am pulsierenden Leben des Viertels teilzunehmen. Wir feiern lokale Feste, unterst\u00fctzen kulturelle Veranstaltungen und repr\u00e4sentieren Zhuhai gegen\u00fcber Besuchern aus aller Welt. Indem wir die Vorz\u00fcge unserer Stadt pr\u00e4sentieren, m\u00f6chten wir unsere G\u00e4ste dazu inspirieren, wiederzukommen und noch mehr von dieser au\u00dfergew\u00f6hnlichen Region zu entdecken.<\/span><\/div><div class=\"qwen-markdown-space\">\u00a0<\/div><h2 class=\"qwen-markdown-heading\"><span class=\"qwen-markdown-text\">Blick in die Zukunft: Die Zukunft des IntercityHotel Zhuhai<\/span><\/h2><div class=\"qwen-markdown-paragraph\"><span class=\"qwen-markdown-text\">Mit Blick auf die Zukunft bleibt unser Anspruch an Exzellenz unver\u00e4ndert. Die Greater Bay Area w\u00e4chst und entwickelt sich stetig weiter, und wir sind bestens aufgestellt, um mit ihr zu wachsen. Wir planen, neue Annehmlichkeiten einzuf\u00fchren, unsere Tagungsr\u00e4ume zu erweitern und unsere digitalen Services zu verbessern, um den sich wandelnden Bed\u00fcrfnissen moderner Reisender gerecht zu werden.<\/span><\/div><div class=\"qwen-markdown-space\">\u00a0<\/div><div class=\"qwen-markdown-paragraph\"><span class=\"qwen-markdown-text\">Doch selbst bei all unseren Innovationen und unserer Expansion werden wir die Grundpfeiler unseres Erfolgs nie aus den Augen verlieren: saubere Zimmer, bequeme Betten, freundlicher Service und eine unschlagbare Lage. Diese zeitlosen Elemente der Gastfreundschaft werden auch weiterhin im Mittelpunkt unseres Handelns stehen.<\/span><\/div><div class=\"qwen-markdown-space\">\u00a0<\/div><h2 class=\"qwen-markdown-heading\"><span class=\"qwen-markdown-text\">Deine Geschichte beginnt hier<\/span><\/h2><div class=\"qwen-markdown-paragraph\"><span class=\"qwen-markdown-text\">Jeder Gast, der bei uns \u00fcbernachtet, wird Teil unserer Geschichte. Ob Sie Zhuhai f\u00fcr wichtige Gesch\u00e4ftsverhandlungen, einen Familienurlaub in den nahegelegenen Freizeitparks, einen romantischen Kurztrip an die K\u00fcste oder zur Erkundung von Macau und der Greater Bay Area besuchen \u2013 es ist uns eine Ehre, Sie auf Ihrer Reise begleiten zu d\u00fcrfen.<\/span><\/div><div class=\"qwen-markdown-space\">\u00a0<\/div><div class=\"qwen-markdown-paragraph\"><span class=\"qwen-markdown-text\">Unsere T\u00fcren sind ge\u00f6ffnet, unsere Zimmer sind bezugsfertig und unser Team freut sich darauf, Sie willkommen zu hei\u00dfen. Erleben Sie den Unterschied von IntercityHotel \u2013 eine gelungene Kombination aus deutscher Effizienz, lokaler Herzlichkeit und modernem Komfort f\u00fcr unvergessliche Aufenthalte.<\/span><\/div><div class=\"qwen-markdown-space\">\u00a0<\/div><div class=\"qwen-markdown-paragraph\"><span class=\"qwen-markdown-text\">Vielen Dank, dass Sie das IntercityHotel Zhuhai Xiangzhou Huafa Shopping Mall als Ihr zweites Zuhause in Betracht ziehen. Wir freuen uns darauf, das n\u00e4chste Kapitel unserer Geschichte mit Ihnen zu schreiben.<\/span><\/div><div class=\"qwen-markdown-space\">\u00a0<\/div><div class=\"qwen-markdown-hr\"><hr \/><\/div><div class=\"qwen-markdown-space\">\u00a0<\/div><div class=\"qwen-markdown-paragraph\" data-spm-anchor-id=\"a2ty_o01.29997173.0.i86.694f5171ZgAGrV\"><em><span class=\"qwen-markdown-text\">IntercityHotel Zhuhai Xiangzhou Huafa Einkaufszentrum<\/span><\/em> <em><span class=\"qwen-markdown-text\" data-spm-anchor-id=\"a2ty_o01.29997173.0.i85.694f5171ZgAGrV\">Geb\u00e4ude 21, Xiangzhou Chuanggang Center, Nr. 1 Chuangfa Road, Bezirk Xiangzhou, Zhuhai, Guangdong, China<\/span><\/em><\/div>\t\t\t\t\t\t\t\t<\/div>\n\t\t\t\t\t<\/div>\n\t\t\t\t<\/div>\n\t\t\t\t<\/div>","protected":false},"excerpt":{"rendered":"<p>Our Story: IntercityHotel Zhuhai Xiangzhou Huafa Shopping Mall A Legacy of Excellence in the Heart of Zhuhai Welcome to IntercityHotel Zhuhai Xiangzhou Huafa Shopping Mall, where modern hospitality meets timeless comfort in one of China&#8217;s most dynamic coastal cities. Our story begins with a vision to create more than just a place to stay\u2014we envisioned [&hellip;]<\/p>\n","protected":false},"author":1,"featured_media":0,"parent":0,"menu_order":0,"comment_status":"closed","ping_status":"closed","template":"elementor_header_footer","meta":{"footnotes":""},"class_list":["post-2104","page","type-page","status-publish","hentry","post-no-thumbnail"],"_links":{"self":[{"href":"https:\/\/xiangzhou-huafa.intercityhotelzhuhai.com\/de\/wp-json\/wp\/v2\/pages\/2104","targetHints":{"allow":["GET"]}}],"collection":[{"href":"https:\/\/xiangzhou-huafa.intercityhotelzhuhai.com\/de\/wp-json\/wp\/v2\/pages"}],"about":[{"href":"https:\/\/xiangzhou-huafa.intercityhotelzhuhai.com\/de\/wp-json\/wp\/v2\/types\/page"}],"author":[{"embeddable":true,"href":"https:\/\/xiangzhou-huafa.intercityhotelzhuhai.com\/de\/wp-json\/wp\/v2\/users\/1"}],"replies":[{"embeddable":true,"href":"https:\/\/xiangzhou-huafa.intercityhotelzhuhai.com\/de\/wp-json\/wp\/v2\/comments?post=2104"}],"version-history":[{"count":0,"href":"https:\/\/xiangzhou-huafa.intercityhotelzhuhai.com\/de\/wp-json\/wp\/v2\/pages\/2104\/revisions"}],"wp:attachment":[{"href":"https:\/\/xiangzhou-huafa.intercityhotelzhuhai.com\/de\/wp-json\/wp\/v2\/media?parent=2104"}],"curies":[{"name":"wp","href":"https:\/\/api.w.org\/{rel}","templated":true}]}}